{"id":718,"date":"2014-03-27T07:45:53","date_gmt":"2014-03-27T07:45:53","guid":{"rendered":"http:\/\/sdbsl.dev\/?page_id=718"},"modified":"2018-02-27T14:46:59","modified_gmt":"2018-02-27T18:46:59","slug":"infos-visiteurs","status":"publish","type":"page","link":"https:\/\/boulevardsaintlaurent.com\/fr\/infos-visiteurs\/","title":{"rendered":"Infos visiteurs"},"content":{"rendered":"<h5 class=\"font-regular black size-large\">COMMENT S&rsquo;Y RENDRE<\/h5>\n<div class=\"direction_map row\"><div class=\"left\"><ul><li id=\"map0\" class=\"active\"><img decoding=\"async\" src=\"\/wp-content\/uploads\/2014\/03\/direct1.jpg\" alt=\"M\u00e9tro\" \/><div>\n                            <h6 class=\"small bold\">M\u00e9tro<\/h6>\n                            <p class=\"margin-no\"> Plusieurs bouches de m\u00e9tro bordent le boulevard Saint-Laurent : les stations Laurier, Mont-Royal et Sherbrooke \u00e0 l\u2019est et la station Saint-Laurent au sud. <\/p>\n                        <\/div><\/li><li id=\"map1\"> <!-- SHOW ME THIS --><img decoding=\"async\" src=\"\/wp-content\/uploads\/2014\/04\/bus.jpg\" alt=\"\u00bbBus\" \/><div>\n                            <h6 class=\"small bold\">\u00bbBus<\/h6>\n                            <p class=\"margin-no\"> Pas compliqu\u00e9! La 55 est d\u00e9vou\u00e9e au boulevard Saint-Laurent. Embarquez et d\u00e9barquez \u00e0 votre guise pour la modique somme de 3,25$. En direction sud, celle-ci circule en parall\u00e8le sur Saint-Urbain, \u00e0 quelques pas de la Main.\u00a0<\/p>\n                        <\/div><\/li><li id=\"map2\"> <!-- SHOW ME THIS --><img decoding=\"async\" src=\"\/wp-content\/uploads\/2014\/03\/direct2.jpg\" alt=\"Bixi\" \/><div>\n                            <h6 class=\"small bold\">Bixi<\/h6>\n                            <p class=\"margin-no\"> Y\u2019a pas plus v\u00e9lo que le Plateau! Une quinzaine de stations Bixi entourent le boulevard Saint-Laurent entre Sherbrooke et Laurier. Les pistes cyclables am\u00e9nag\u00e9es faciliteront vos d\u00e9placements en tout confort et s\u00e9curit\u00e9.<label>\u00a0<\/label><\/p>\n                        <\/div><\/li><li id=\"map3\"> <!-- SHOW ME THIS --><img decoding=\"async\" src=\"\/wp-content\/uploads\/2014\/04\/parking.jpg\" alt=\"\u00bbParking\" \/><div>\n                            <h6 class=\"small bold\">\u00bbParking<\/h6>\n                            <p class=\"margin-no\"> \u00abY\u2019a pas de parking sur le Plateau!\u00bb Faux, suffit de savoir o\u00f9! En plus des emplacements sur rue, plusieurs espaces de stationnement sont disponibles sur le boulevard et aux alentours.<label>\u00a0<\/label><\/p>\n                        <\/div><\/li><li id=\"map4\"> <!-- SHOW ME THIS --><img decoding=\"async\" src=\"\/wp-content\/uploads\/2014\/03\/direct3.jpg\" alt=\"\u00bbTaxis\" \/><div>\n                            <h6 class=\"small bold\">\u00bbTaxis<\/h6>\n                            <p class=\"margin-no\"> Vous venez en taxi? D\u00e9barquez \u00e0 n\u2019importe quelle intersection ou directement \u00e0 l\u2019adresse que vous voulez visiter.<label>\u00a0<\/label><\/p>\n                        <\/div><\/li><\/ul><\/div><div class=\"right\"><ul><li id=\"map0\" class=\"active\"><iframe loading=\"lazy\" style=\"border: 0;\" src=\"https:\/\/mapsengine.google.com\/map\/embed?mid=zvvDoWuL5OmA.kzh09VykXHQw\" height=\"595\" width=\"600\" frameborder=\"0\"><\/iframe><\/li><li id=\"map1\"><iframe loading=\"lazy\" style=\"border: 0;\" src=\"https:\/\/mapsengine.google.com\/map\/embed?mid=zvvDoWuL5OmA.kU3pjkogL2vY\" height=\"595\" width=\"600\" frameborder=\"0\"><\/iframe><\/li><li id=\"map2\"><iframe loading=\"lazy\" style=\"border: 0;\" src=\"https:\/\/mapsengine.google.com\/map\/embed?mid=zvvDoWuL5OmA.k_VwdJgVkyyQ\" height=\"595\" width=\"600\" frameborder=\"0\"><\/iframe><\/li><li id=\"map3\"><iframe loading=\"lazy\" style=\"border: 0;\" src=\"https:\/\/www.google.com\/maps\/d\/embed?mid=1jzdoceRldu85fiGX4MTQcz1z5gE\" height=\"595\" width=\"600\" frameborder=\"0\"><\/iframe><\/li><li id=\"map4\"><iframe loading=\"lazy\" style=\"border: 0;\" src=\"https:\/\/mapsengine.google.com\/map\/embed?mid=zvvDoWuL5OmA.kvraSsy8WRZA\" height=\"595\" width=\"600\" frameborder=\"0\"><\/iframe><\/li><\/ul><\/div><\/div>\n<div class=\"outside\">\n<h6 class=\"small bold\">AUTRES OPTIONS<\/h6>\n<p class=\"margin-small\">Il y a plein de fa\u00e7ons de d\u00e9couvrir le boulevard Saint-Laurent, mais on vous sugg\u00e8re fortement de marcher &#8211; parce qu&rsquo;il y a tant de choses \u00e0 voir! Vous trouverez des recommandations d\u00e9taill\u00e9es dans <strong><a href=\"http:\/\/boulevardsaintlaurent.com\/fr\/nouvelle\/trucs-et-astuces-pour-visiter-le-boulevard-saint-laurent\/\" target=\"_blank\">cet article<\/a><\/strong>.<\/p>\n<\/div>\n<div class=\"purplerow row\">\n                <div class=\"title\">\n                    Contact \n                <\/div>\n                <div class=\"content\">\n                    <div class=\"row\"><div class=\"six columns\">\n<p class=\"margin-small\"><strong>Soci\u00e9t\u00e9 de d\u00e9veloppement du boulevard Saint-Laurent<\/strong><\/p>\n<p class=\"margin-no\">4398 boulevard Saint-Laurent, bureau 309<\/p>\n<p class=\"margin-no\">Montreal, Quebec, H2W 1Z5<\/p>\n<\/div><div class=\"six columns\">\n<p class=\"margin-no\">Tel.: (514) 286-0334<\/p>\n<p class=\"margin-small\">Fax: (514) 286-0967<\/p>\n<p class=\"margin-no\"><a href=\"mailto:info@sdbsl.ca\" target=\"_blank\"><span style=\"text-decoration: underline;\">Email: info@sdbsl.ca<\/span><\/a><\/p>\n<\/div><\/div>\n                <\/div>    \n            <\/div>\n<h5 class=\"font-regular size-large gray\"><span class=\"black\">PARCOURS<\/span> : UNE AUTRE FA\u00c7ON DE D\u00c9COUVRIR LE BOULEVARD<\/h5>\n<div class=\"row parcours-block show-3\"><ul><li style=\"z-index:999;\" class=\"apropos-post\">\n                                    <div class=\"fresco parcour\"><a href=\"https:\/\/boulevardsaintlaurent.com\/fr\/parcours\/les-gouts-de-la-main-un-embleme-de-montreal\/\"><img decoding=\"async\" src=\"\/wp-content\/uploads\/2014\/07\/0.-GouteTonQuartier-346x247.jpg\" alt=\"LES GO\u00dbTS DE LA MAIN; UN EMBL\u00c8ME DE MONTR\u00c9AL\"\/><\/a><div class=\"overlay overlay-padding\"><a href=\"https:\/\/boulevardsaintlaurent.com\/fr\/parcours\/les-gouts-de-la-main-un-embleme-de-montreal\/\" class=\"details\"><i class=\"icon-forward\"><\/i><\/a><\/div><\/div>\n                                    <div class=\"content owl-item-content\">\n                                        <h4><a href=\"https:\/\/boulevardsaintlaurent.com\/fr\/parcours\/les-gouts-de-la-main-un-embleme-de-montreal\/\">LES GO\u00dbTS DE LA MAIN; UN EMBL\u00c8ME DE MONTR\u00c9AL<\/a><\/h4>\n                                        <small>Jul 28, 2014 - posted by Guillaume<\/small>\n                                        <p class=\"margin-top\">Il annon\u00e7ait de la pluie en ce samedi 26 juillet 2014, pourtant le soleil \u00e9tait tr\u00e8s pr\u00e9sent \u00e0 14 h, alors que les participants de Go\u00fbte ton quartier retrouvaient la repr\u00e9sentante de Pages Jaunes (les cr\u00e9ateurs de l\u2019\u00e9v\u00e9nement) et le guide de l\u2019activit\u00e9 au coin de Saint-Laurent et Prince-Arthur. D\u00e9couvrir [...]<\/p>\n                                    <\/div>\n                                    <div class=\"apropos-post-foot\">\n                                        <ul>\n                                            <li><img decoding=\"async\" src=\"\" alt=\"Manger &amp; Boire\" title=\"Manger &amp; Boire\"\/><\/li>\n                                        <\/ul>\n                                        <div class=\"cmn-count\"><fb:comments-count href=\"https:\/\/boulevardsaintlaurent.com\/fr\/parcours\/les-gouts-de-la-main-un-embleme-de-montreal\/\"><\/fb:comments-count><\/div>\n                                        <a class=\"twitter-share-button\" href=\"https:\/\/boulevardsaintlaurent.com\/fr\/parcours\/les-gouts-de-la-main-un-embleme-de-montreal\/\" data-via=\"twitterapi\" data-lang=\"en\">Tweet<\/a><div class=\"fb-like\" data-href=\"https:\/\/boulevardsaintlaurent.com\/fr\/parcours\/les-gouts-de-la-main-un-embleme-de-montreal\/\" data-layout=\"button_count\" data-action=\"like\" data-show-faces=\"false\" data-share=\"false\">\u00a0<\/div>\n                                    <\/div>\n                                <\/li><li style=\"z-index:998;\" class=\"apropos-post\">\n                                    <div class=\"fresco parcour\"><a href=\"https:\/\/boulevardsaintlaurent.com\/fr\/parcours\/magasinez-avec-les-soeurs-stratis\/\"><img decoding=\"async\" src=\"\/wp-content\/uploads\/2021\/04\/soeurs-stratis-1-346x247.jpg\" alt=\"Magasinez avec les soeurs Stratis\"\/><\/a><div class=\"overlay overlay-padding\"><a href=\"https:\/\/boulevardsaintlaurent.com\/fr\/parcours\/magasinez-avec-les-soeurs-stratis\/\" class=\"details\"><i class=\"icon-forward\"><\/i><\/a><\/div><\/div>\n                                    <div class=\"content owl-item-content\">\n                                        <h4><a href=\"https:\/\/boulevardsaintlaurent.com\/fr\/parcours\/magasinez-avec-les-soeurs-stratis\/\">Magasinez avec les soeurs Stratis<\/a><\/h4>\n                                        <small>Apr 20, 2021 - posted by maud<\/small>\n                                        <p class=\"margin-top\">Josiane et Carolane Stratis travaillent avec passion depuis plusieurs ann\u00e9es en mode, en contenu, en image, en vid\u00e9o ou en implication sociale. Les jumelles de la mode ont fait leur marque \u00e0 travers le paysage entrepreneurial et m\u00e9diatique. La SDBSL les a invit\u00e9 \u00e0 pr\u00e9senter leurs 3 endroits favoris du boulevard. &nbsp; &nbsp; &nbsp;<\/p>\n                                    <\/div>\n                                    <div class=\"apropos-post-foot\">\n                                        <ul>\n                                            <li><img decoding=\"async\" src=\"\/wp-content\/uploads\/2014\/05\/SDBSL-Rep-ModeMagasinage.png\" alt=\"Mode\" title=\"Mode\"\/><\/li><li><img decoding=\"async\" src=\"\" alt=\"Caf\u00e9s\" title=\"Caf\u00e9s\"\/><\/li><li><img decoding=\"async\" src=\"\/wp-content\/uploads\/2014\/05\/SDBSL-Rep-ModeMagasinage.png\" alt=\"Lunetteries\" title=\"Lunetteries\"\/><\/li>\n                                        <\/ul>\n                                        <div class=\"cmn-count\"><fb:comments-count href=\"https:\/\/boulevardsaintlaurent.com\/fr\/parcours\/magasinez-avec-les-soeurs-stratis\/\"><\/fb:comments-count><\/div>\n                                        <a class=\"twitter-share-button\" href=\"https:\/\/boulevardsaintlaurent.com\/fr\/parcours\/magasinez-avec-les-soeurs-stratis\/\" data-via=\"twitterapi\" data-lang=\"en\">Tweet<\/a><div class=\"fb-like\" data-href=\"https:\/\/boulevardsaintlaurent.com\/fr\/parcours\/magasinez-avec-les-soeurs-stratis\/\" data-layout=\"button_count\" data-action=\"like\" data-show-faces=\"false\" data-share=\"false\">\u00a0<\/div>\n                                    <\/div>\n                                <\/li><li style=\"z-index:997;\" class=\"apropos-post\">\n                                    <div class=\"fresco parcour\"><a href=\"https:\/\/boulevardsaintlaurent.com\/fr\/parcours\/des-idees-pour-vos-echanges-de-cadeaux\/\"><img decoding=\"async\" src=\"\/wp-content\/uploads\/2016\/11\/IdeesCadeaux-Cover-346x247.png\" alt=\"DES ID\u00c9ES POUR VOS \u00c9CHANGES DE CADEAUX\"\/><\/a><div class=\"overlay overlay-padding\"><a href=\"https:\/\/boulevardsaintlaurent.com\/fr\/parcours\/des-idees-pour-vos-echanges-de-cadeaux\/\" class=\"details\"><i class=\"icon-forward\"><\/i><\/a><\/div><\/div>\n                                    <div class=\"content owl-item-content\">\n                                        <h4><a href=\"https:\/\/boulevardsaintlaurent.com\/fr\/parcours\/des-idees-pour-vos-echanges-de-cadeaux\/\">DES ID\u00c9ES POUR VOS \u00c9CHANGES DE CADEAUX<\/a><\/h4>\n                                        <small>Nov 10, 2016 - posted by Guillaume<\/small>\n                                        <p class=\"margin-top\">Le temps des \u00e9changes de cadeaux au bureau arrive et on a fort \u00e0 parier que vous ne savez pas trop quoi acheter \u00e0 Janine de la comptabilit\u00e9. Mais r\u00e9jouissez-vous, car nous sommes l\u00e0 pour vous aider! Que vous travaillez sur le boulevard ou viviez dans le coin, voici quelques [...]<\/p>\n                                    <\/div>\n                                    <div class=\"apropos-post-foot\">\n                                        <ul>\n                                            <li><img decoding=\"async\" src=\"\" alt=\"Manger &amp; Boire\" title=\"Manger &amp; Boire\"\/><\/li><li><img decoding=\"async\" src=\"\/wp-content\/uploads\/2014\/05\/SDBSL-Rep-ModeMagasinage.png\" alt=\"Mode &amp; Magasinage\" title=\"Mode &amp; Magasinage\"\/><\/li>\n                                        <\/ul>\n                                        <div class=\"cmn-count\"><fb:comments-count href=\"https:\/\/boulevardsaintlaurent.com\/fr\/parcours\/des-idees-pour-vos-echanges-de-cadeaux\/\"><\/fb:comments-count><\/div>\n                                        <a class=\"twitter-share-button\" href=\"https:\/\/boulevardsaintlaurent.com\/fr\/parcours\/des-idees-pour-vos-echanges-de-cadeaux\/\" data-via=\"twitterapi\" data-lang=\"en\">Tweet<\/a><div class=\"fb-like\" data-href=\"https:\/\/boulevardsaintlaurent.com\/fr\/parcours\/des-idees-pour-vos-echanges-de-cadeaux\/\" data-layout=\"button_count\" data-action=\"like\" data-show-faces=\"false\" data-share=\"false\">\u00a0<\/div>\n                                    <\/div>\n                                <\/li><\/ul><\/div><div class=\"carousel-controls\"><a href=\"\/?page_id=852\" class=\"btn\">All journey<\/a><\/div>","protected":false},"excerpt":{"rendered":"<p>COMMENT S&rsquo;Y RENDRE AUTRES OPTIONS Il y a plein de fa\u00e7ons de d\u00e9couvrir le boulevard Saint-Laurent, mais on vous sugg\u00e8re fortement de marcher &#8211; parce qu&rsquo;il y a tant de choses \u00e0 voir! Vous trouverez des recommandations d\u00e9taill\u00e9es dans cet article. PARCOURS : UNE AUTRE FA\u00c7ON DE D\u00c9COUVRIR LE BOULEVARD<\/p>\n","protected":false},"author":1,"featured_media":0,"parent":0,"menu_order":0,"comment_status":"open","ping_status":"open","template":"","meta":{"_acf_changed":false,"_monsterinsights_skip_tracking":false,"_monsterinsights_sitenote_active":false,"_monsterinsights_sitenote_note":"","_monsterinsights_sitenote_category":0,"footnotes":""},"acf":[],"_links":{"self":[{"href":"https:\/\/boulevardsaintlaurent.com\/fr\/wp-json\/wp\/v2\/pages\/718"}],"collection":[{"href":"https:\/\/boulevardsaintlaurent.com\/fr\/wp-json\/wp\/v2\/pages"}],"about":[{"href":"https:\/\/boulevardsaintlaurent.com\/fr\/wp-json\/wp\/v2\/types\/page"}],"author":[{"embeddable":true,"href":"https:\/\/boulevardsaintlaurent.com\/fr\/wp-json\/wp\/v2\/users\/1"}],"replies":[{"embeddable":true,"href":"https:\/\/boulevardsaintlaurent.com\/fr\/wp-json\/wp\/v2\/comments?post=718"}],"version-history":[{"count":132,"href":"https:\/\/boulevardsaintlaurent.com\/fr\/wp-json\/wp\/v2\/pages\/718\/revisions"}],"predecessor-version":[{"id":10147,"href":"https:\/\/boulevardsaintlaurent.com\/fr\/wp-json\/wp\/v2\/pages\/718\/revisions\/10147"}],"wp:attachment":[{"href":"https:\/\/boulevardsaintlaurent.com\/fr\/wp-json\/wp\/v2\/media?parent=718"}],"curies":[{"name":"wp","href":"https:\/\/api.w.org\/{rel}","templated":true}]}}