{"id":579,"date":"2014-03-26T03:39:52","date_gmt":"2014-03-26T03:39:52","guid":{"rendered":"http:\/\/sdbsl.dev\/?page_id=579"},"modified":"2021-02-26T14:44:03","modified_gmt":"2021-02-26T18:44:03","slug":"a-propos","status":"publish","type":"page","link":"https:\/\/boulevardsaintlaurent.com\/fr\/a-propos\/","title":{"rendered":"\u00c0 propos"},"content":{"rendered":"<div class=\"apropos\">\n<h4 class=\"h4\">Notre \u00e9quipe<\/h4>\n<div class=\"carousel-container\"><div class=\"carousel owl row\" data-columns=\"4\"><div class=\"post cf\"><div class=\"imagelike\"><a href=\"#\" class=\"likeThis\" id=\"like-608\" data-id=\"608\">\n\t\t\t\t\t\t<i class=\"icon-heart\"><\/i><span class=\"count\">0<\/span>\n\t\t\t\t\t<\/a><\/div><div class=\"post-gallery fresco team\"><div class=\"infor\"><ul><li class=\"informail\"><a href=\"mailto:tasha@sdbsl.ca\">a<\/a><\/li><li class=\"infortwitter\"><a href=\"https:\/\/twitter.com\/TashaMorizio\" target=\"_blank\">a<\/a><\/li><\/ul><\/div><img loading=\"lazy\" decoding=\"async\" width=\"260\" height=\"320\" src=\"https:\/\/boulevardsaintlaurent.com\/wp-content\/uploads\/2014\/03\/portrait-equipe-Solene-Broisin-5-260x320.jpg\" class=\"attachment-my_team size-my_team wp-post-image\" alt=\"\" \/>\n                                        <a href=\"https:\/\/boulevardsaintlaurent.com\/fr\/team\/tasha-morizio\/\" class=\"details left\"><\/a>\n                                    <\/div><div class=\"owl-item-content team\">\n                                    <div class=\"post-title\">\n                                        <h3>Tasha Morizio<\/h3>\n                                    <\/div>\n                                    <div class=\"excerpts\">DIRECTRICE G\u00c9N\u00c9RALE<\/div>\n                                <\/div><\/div><div class=\"post cf\"><div class=\"imagelike\"><a href=\"#\" class=\"likeThis\" id=\"like-10156\" data-id=\"10156\">\n\t\t\t\t\t\t<i class=\"icon-heart\"><\/i><span class=\"count\">0<\/span>\n\t\t\t\t\t<\/a><\/div><div class=\"post-gallery fresco team\"><div class=\"infor\"><ul><li class=\"informail\"><a href=\"mailto:conrad@sdbsl.ca\">a<\/a><\/li><\/ul><\/div><img loading=\"lazy\" decoding=\"async\" width=\"260\" height=\"320\" src=\"https:\/\/boulevardsaintlaurent.com\/wp-content\/uploads\/2016\/02\/portrait-equipe-Solene-Broisin-2-260x320.jpg\" class=\"attachment-my_team size-my_team wp-post-image\" alt=\"\" \/>\n                                        <a href=\"https:\/\/boulevardsaintlaurent.com\/fr\/team\/conrad-skierka\/\" class=\"details left\"><\/a>\n                                    <\/div><div class=\"owl-item-content team\">\n                                    <div class=\"post-title\">\n                                        <h3>CONRAD SKIERKA<\/h3>\n                                    <\/div>\n                                    <div class=\"excerpts\">DIRECTEUR DES OP\u00c9RATIONS<\/div>\n                                <\/div><\/div><div class=\"post cf\"><div class=\"imagelike\"><a href=\"#\" class=\"likeThis\" id=\"like-10154\" data-id=\"10154\">\n\t\t\t\t\t\t<i class=\"icon-heart\"><\/i><span class=\"count\">0<\/span>\n\t\t\t\t\t<\/a><\/div><div class=\"post-gallery fresco team\"><img loading=\"lazy\" decoding=\"async\" width=\"260\" height=\"320\" src=\"https:\/\/boulevardsaintlaurent.com\/wp-content\/uploads\/2016\/09\/portrait-equipe-Solene-Broisin-1-260x320.jpg\" class=\"attachment-my_team size-my_team wp-post-image\" alt=\"\" \/>\n                                        <a href=\"https:\/\/boulevardsaintlaurent.com\/fr\/team\/marcel-david\/\" class=\"details left\"><\/a>\n                                    <\/div><div class=\"owl-item-content team\">\n                                    <div class=\"post-title\">\n                                        <h3>Marcel David<\/h3>\n                                    <\/div>\n                                    <div class=\"excerpts\">CHEF D'\u00c9QUIPE MAIN-TENANCE<\/div>\n                                <\/div><\/div><\/div><\/div><div class=\"carousel-controls\"><\/div>\n<h4 class=\"h4\">LES MEMBRES DU CA<\/h4>\n<div class=\"carousel-container\"><div class=\"carousel owl row\" data-columns=\"4\"><div class=\"post cf\"><div class=\"imagelike\"><a href=\"#\" class=\"likeThis\" id=\"like-8142\" data-id=\"8142\">\n\t\t\t\t\t\t<i class=\"icon-heart\"><\/i><span class=\"count\">0<\/span>\n\t\t\t\t\t<\/a><\/div><div class=\"post-gallery fresco team\"><div class=\"infor\"><ul><li class=\"informail\"><a href=\"mailto:emily@station16.ca \">a<\/a><\/li><\/ul><\/div><img loading=\"lazy\" decoding=\"async\" width=\"260\" height=\"320\" src=\"https:\/\/boulevardsaintlaurent.com\/wp-content\/uploads\/2015\/03\/Equipe-Emily_Robertson-260x320.png\" class=\"attachment-my_team size-my_team wp-post-image\" alt=\"\" \/>\n                                        <a href=\"https:\/\/boulevardsaintlaurent.com\/fr\/team\/emily-robertson\/\" class=\"details left\"><\/a>\n                                    <\/div><div class=\"owl-item-content team\">\n                                    <div class=\"post-title\">\n                                        <h3>EMILY ROBERTSON<\/h3>\n                                    <\/div>\n                                    <div class=\"excerpts\">PR\u00c9SIDENTE - GALERIE ROBERTSON AR\u00c8S<\/div>\n                                <\/div><\/div><div class=\"post cf\"><div class=\"imagelike\"><a href=\"#\" class=\"likeThis\" id=\"like-8143\" data-id=\"8143\">\n\t\t\t\t\t\t<i class=\"icon-heart\"><\/i><span class=\"count\">0<\/span>\n\t\t\t\t\t<\/a><\/div><div class=\"post-gallery fresco team\"><div class=\"infor\"><ul><li class=\"informail\"><a href=\"mailto:zach@saintwoods.com \">a<\/a><\/li><\/ul><\/div><img loading=\"lazy\" decoding=\"async\" width=\"260\" height=\"320\" src=\"https:\/\/boulevardsaintlaurent.com\/wp-content\/uploads\/2014\/05\/Zach2-260x320.jpg\" class=\"attachment-my_team size-my_team wp-post-image\" alt=\"\" \/>\n                                        <a href=\"https:\/\/boulevardsaintlaurent.com\/fr\/team\/zach-macklovitch\/\" class=\"details left\"><\/a>\n                                    <\/div><div class=\"owl-item-content team\">\n                                    <div class=\"post-title\">\n                                        <h3>ZACH MACKLOVITCH<\/h3>\n                                    <\/div>\n                                    <div class=\"excerpts\">VICE-PR\u00c9SIDENT - SAINTWOODS<\/div>\n                                <\/div><\/div><div class=\"post cf\"><div class=\"imagelike\"><a href=\"#\" class=\"likeThis\" id=\"like-8147\" data-id=\"8147\">\n\t\t\t\t\t\t<i class=\"icon-heart\"><\/i><span class=\"count\">0<\/span>\n\t\t\t\t\t<\/a><\/div><div class=\"post-gallery fresco team\"><div class=\"infor\"><ul><li class=\"informail\"><a href=\"mailto:marcos@bardarling.com \">a<\/a><\/li><\/ul><\/div><img loading=\"lazy\" decoding=\"async\" width=\"260\" height=\"320\" src=\"https:\/\/boulevardsaintlaurent.com\/wp-content\/uploads\/2018\/04\/Marcos_Almaguer\u00a9Solene-Broisin-260x320.jpg\" class=\"attachment-my_team size-my_team wp-post-image\" alt=\"\" \/>\n                                        <a href=\"https:\/\/boulevardsaintlaurent.com\/fr\/team\/marcos-almaguer\/\" class=\"details left\"><\/a>\n                                    <\/div><div class=\"owl-item-content team\">\n                                    <div class=\"post-title\">\n                                        <h3>MARCOS ALMAGUER<\/h3>\n                                    <\/div>\n                                    <div class=\"excerpts\">TR\u00c9SORIER - DARLING<\/div>\n                                <\/div><\/div><div class=\"post cf\"><div class=\"imagelike\"><a href=\"#\" class=\"likeThis\" id=\"like-8148\" data-id=\"8148\">\n\t\t\t\t\t\t<i class=\"icon-heart\"><\/i><span class=\"count\">0<\/span>\n\t\t\t\t\t<\/a><\/div><div class=\"post-gallery fresco team\"><div class=\"infor\"><ul><li class=\"informail\"><a href=\"mailto:info@amlex.ca\">a<\/a><\/li><\/ul><\/div><img loading=\"lazy\" decoding=\"async\" width=\"260\" height=\"320\" src=\"https:\/\/boulevardsaintlaurent.com\/wp-content\/uploads\/2018\/04\/Marie_Madelin\u00a9Solene-Broisin-260x320.jpg\" class=\"attachment-my_team size-my_team wp-post-image\" alt=\"\" \/>\n                                        <a href=\"https:\/\/boulevardsaintlaurent.com\/fr\/team\/marie-madelin-2\/\" class=\"details left\"><\/a>\n                                    <\/div><div class=\"owl-item-content team\">\n                                    <div class=\"post-title\">\n                                        <h3>Marie Madelin<\/h3>\n                                    <\/div>\n                                    <div class=\"excerpts\">SECR\u00c9TAIRE - ALLEN MADELIN AVOCAT<\/div>\n                                <\/div><\/div><div class=\"post cf\"><div class=\"imagelike\"><a href=\"#\" class=\"likeThis\" id=\"like-9022\" data-id=\"9022\">\n\t\t\t\t\t\t<i class=\"icon-heart\"><\/i><span class=\"count\">0<\/span>\n\t\t\t\t\t<\/a><\/div><div class=\"post-gallery fresco team\"><div class=\"infor\"><ul><li class=\"informail\"><a href=\"mailto:rachel@rcbcapital.com \">a<\/a><\/li><\/ul><\/div><img loading=\"lazy\" decoding=\"async\" width=\"260\" height=\"320\" src=\"https:\/\/boulevardsaintlaurent.com\/wp-content\/uploads\/2019\/08\/Rachel_Schwartz\u00a9Solene-Broisin-260x320.jpg\" class=\"attachment-my_team size-my_team wp-post-image\" alt=\"\" \/>\n                                        <a href=\"https:\/\/boulevardsaintlaurent.com\/fr\/team\/rachel-schwartz\/\" class=\"details left\"><\/a>\n                                    <\/div><div class=\"owl-item-content team\">\n                                    <div class=\"post-title\">\n                                        <h3>RACHEL SCHWARTZ<\/h3>\n                                    <\/div>\n                                    <div class=\"excerpts\">ADMINISTRATRICE<\/div>\n                                <\/div><\/div><div class=\"post cf\"><div class=\"imagelike\"><a href=\"#\" class=\"likeThis\" id=\"like-9024\" data-id=\"9024\">\n\t\t\t\t\t\t<i class=\"icon-heart\"><\/i><span class=\"count\">0<\/span>\n\t\t\t\t\t<\/a><\/div><div class=\"post-gallery fresco team\"><img loading=\"lazy\" decoding=\"async\" width=\"260\" height=\"320\" src=\"https:\/\/boulevardsaintlaurent.com\/wp-content\/uploads\/2019\/08\/Marie_Plourde\u00a9Solene-Broisin-260x320.jpg\" class=\"attachment-my_team size-my_team wp-post-image\" alt=\"\" \/>\n                                        <a href=\"https:\/\/boulevardsaintlaurent.com\/fr\/team\/marie-plourde\/\" class=\"details left\"><\/a>\n                                    <\/div><div class=\"owl-item-content team\">\n                                    <div class=\"post-title\">\n                                        <h3>MARIE PLOURDE<\/h3>\n                                    <\/div>\n                                    <div class=\"excerpts\">ADMINISTRATRICE - CONSEILL\u00c8RE D'ARRONDISSEMENT DU PLATEAU MONT-ROYAL<\/div>\n                                <\/div><\/div><div class=\"post cf\"><div class=\"imagelike\"><a href=\"#\" class=\"likeThis\" id=\"like-11081\" data-id=\"11081\">\n\t\t\t\t\t\t<i class=\"icon-heart\"><\/i><span class=\"count\">0<\/span>\n\t\t\t\t\t<\/a><\/div><div class=\"post-gallery fresco team\"><img loading=\"lazy\" decoding=\"async\" width=\"260\" height=\"320\" src=\"https:\/\/boulevardsaintlaurent.com\/wp-content\/uploads\/2022\/10\/Guillaume_Thibault\u00a9Solene-Broisin-260x320.jpg\" class=\"attachment-my_team size-my_team wp-post-image\" alt=\"\" \/>\n                                        <a href=\"https:\/\/boulevardsaintlaurent.com\/fr\/team\/guillaume-thibault\/\" class=\"details left\"><\/a>\n                                    <\/div><div class=\"owl-item-content team\">\n                                    <div class=\"post-title\">\n                                        <h3>Guillaume Thibault<\/h3>\n                                    <\/div>\n                                    <div class=\"excerpts\">ADMINISTRATEUR - DIME MTL<\/div>\n                                <\/div><\/div><div class=\"post cf\"><div class=\"imagelike\"><a href=\"#\" class=\"likeThis\" id=\"like-11754\" data-id=\"11754\">\n\t\t\t\t\t\t<i class=\"icon-heart\"><\/i><span class=\"count\">0<\/span>\n\t\t\t\t\t<\/a><\/div><div class=\"post-gallery fresco team\"><div class=\"infor\"><ul><li class=\"informail\"><a href=\"mailto:Louise.Hugot@edelman.com\">a<\/a><\/li><li class=\"inforlinkedin\"><a href=\"https:\/\/www.linkedin.com\/in\/louise-hugot-574678a5\/\" target=\"_blank\">a<\/a><\/li><\/ul><\/div><img loading=\"lazy\" decoding=\"async\" width=\"260\" height=\"320\" src=\"https:\/\/boulevardsaintlaurent.com\/wp-content\/uploads\/2024\/02\/Louise-Hugot_Photo-1-260x320.jpg\" class=\"attachment-my_team size-my_team wp-post-image\" alt=\"\" \/>\n                                        <a href=\"https:\/\/boulevardsaintlaurent.com\/fr\/team\/louise-hugot-team\/\" class=\"details left\"><\/a>\n                                    <\/div><div class=\"owl-item-content team\">\n                                    <div class=\"post-title\">\n                                        <h3>Louise Hugot<\/h3>\n                                    <\/div>\n                                    <div class=\"excerpts\">ADMINISTRATRICE - EDELMAN<\/div>\n                                <\/div><\/div><\/div><\/div><div class=\"carousel-controls\"><\/div>\n<h4 class=\"h4 kc55\">\u00c0 PROPOS DU BOULEVARD SAINT LAURENT<\/h4>\n<p><span style=\"font-family: arial, helvetica, sans-serif; font-size: small;\">Fond\u00e9e en 2000, la Soci\u00e9t\u00e9 de d\u00e9veloppement du boulevard Saint-Laurent (SDBSL), qui \u00e9tait initialement le Village international du boulevard Saint-Laurent, a pour mission de veiller au d\u00e9veloppement \u00e9conomique, culturel et social de l\u2019art\u00e8re entre la rue Sherbrooke et l\u2019avenue Laurier. C&rsquo;est \u00e0 partir du 1er janvier 2018 que l&rsquo;association a agrandi son territoire entre l&rsquo;avenue du Mont-Royal et l&rsquo;avenue Laurier. Financ\u00e9e \u00e0 m\u00eame les cotisations de plus de 700 places d&rsquo;affaires situ\u00e9es sur son territoire, la SDBSL travaille de concert avec la communaut\u00e9 et les autorit\u00e9s locales afin d&rsquo;assurer le bon d\u00e9veloppement du secteur.<\/span><\/p>\n<div class=\"row\"><div class=\"six columns\"><div class=\"imgbox iconbox right\"><img decoding=\"async\" src=\"\/wp-content\/uploads\/2014\/03\/APropos6.png\"\/><div class=\"content\"><strong>art et culture<\/strong><div> Il est difficile de faire mieux que le boulevard Saint-Laurent en tant que destination culturelle, avec ses nombreuses salles de spectacles, ses galeries d&rsquo;art originales, ses artistes et ses festivals uniques en leur genre.<\/div><\/div><\/div><\/div><div class=\"six columns\"><div class=\"imgbox iconbox left\"><img decoding=\"async\" src=\"\/wp-content\/uploads\/2014\/03\/APropos5.png\"\/><div class=\"content\"><strong>beaut\u00e9 et bien-\u00eatre<\/strong><div>Que ce soit pour prendre soin de votre apparence ou de vos bobos, le boulevard Saint-Laurent offre une grande vari\u00e9t\u00e9 de services pour le bien-\u00eatre physique et psychologique.<\/div><\/div><\/div><\/div><\/div>\n<div class=\"row\"><div class=\"six columns\"><div class=\"imgbox iconbox right\"><img decoding=\"async\" src=\"\/wp-content\/uploads\/2014\/03\/APropos7.png\"\/><div class=\"content\"><strong>Manger et Boire<\/strong><div>C\u2019est simple, il y en a pour tous les go\u00fbts! Le boulevard est riche en h\u00e9ritage culturel et les restaurants y sont aussi vari\u00e9s que les bars sont branch\u00e9s. Les caf\u00e9s chaleureux sont l\u2019endroit id\u00e9al pour les travailleurs qui ont besoin d\u2019une pause ou les cr\u00e9atifs en recherche d\u2019inspiration.<\/div><\/div><\/div><\/div><div class=\"six columns\"><div class=\"imgbox iconbox left\"><img decoding=\"async\" src=\"\/wp-content\/uploads\/2014\/03\/APropos8.png\"\/><div class=\"content\"><strong>Mode et magasinage<\/strong><div>Destinations insolites ou de renom, tout se trouve sur le boulevard Saint-Laurent lorsqu\u2019il est question de v\u00eatements, d\u2019accessoires et d\u2019autres produits d\u2019achat courant.<\/div><\/div><\/div><\/div><\/div>\n<div class=\"row\"><div class=\"six columns\"><div class=\"imgbox iconbox right\"><img decoding=\"async\" src=\"\/wp-content\/uploads\/2014\/03\/APropos10.png\"\/><div class=\"content\"><strong>Gestion &amp; Services<\/strong><div>Tous les services auxquels vous pouvez penser se retrouvent sur le boulevard Saint-Laurent. Pour planifier un voyage, trouver un organisme \u0153uvrant dans un domaine particulier ou pour engager des services sp\u00e9cialis\u00e9s pour votre compagnie, l\u2019entreprise qui saura vous plaire se trouve sur notre territoire.<\/div><\/div><\/div><\/div><div class=\"six columns\"><div class=\"imgbox iconbox left\"><img decoding=\"async\" src=\"\/wp-content\/uploads\/2014\/03\/APropos9.png\"\/><div class=\"content\"><strong>Professionnels et cr\u00e9atifs<\/strong><div>Tels les deux h\u00e9misph\u00e8res du cerveau humain, le boulevard Saint-Laurent s\u2019assure de couvrir tous les besoins en services professionnels et de lib\u00e9rer une cr\u00e9ativit\u00e9 qui ne conna\u00eet aucune limite.<\/div><\/div><\/div><\/div><\/div>\n<h4>L&rsquo;HISTOIRE DU BOULEVARD<\/h4>\n<div class=\"row\"><div class=\"four columns\"><div class=\"apropos-post a-post parcours-block\" style=\"margin-top:5px;\">\n                    <div class='flex no-nav nav-black'><ul class='slides'><\/ul><\/div>\n                    <div class=\"content owl-item-content\">\n                        <a href=\"https:\/\/boulevardsaintlaurent.com\/fr\/parcours\/parcours-historique-3\/\"><h4>PARCOURS HISTORIQUE<\/h4><\/a>\n                        <small>May 15, 2014 - posted by maud<\/small>\n                        <p class=\"margin-top\">La Main repr\u00e9sente l\u2019histoire de Montr\u00e9al au m\u00eame titre que les anneaux de croissance permettent de conna\u00eetre la vie d\u2019un arbre. Mais, bien s\u00fbr, vous le saviez d\u00e9j\u00e0 (c\u2019est pas pour rien qu\u2019on l\u2019appelle la Main). Voici cinq lieux sur le boulevard Saint-Laurent qui, on l\u2019esp\u00e8re, vont vous faire d\u00e9couvrir quelque chose que vous ne [...]<\/p>\n                    <\/div>\n                    <div class=\"apropos-post-foot\">\n                        <ul>\n                            <li><img decoding=\"async\" src=\"\" alt=\"Manger &amp; Boire\" title=\"Manger &amp; Boire\"\/><\/li><li><img decoding=\"async\" src=\"\/wp-content\/uploads\/2014\/05\/SDBSL-Rep-BeauteBienEtre.png\" alt=\"Beaut\u00e9 &amp; Bien-\u00eatre\" title=\"Beaut\u00e9 &amp; Bien-\u00eatre\"\/><\/li><li><img decoding=\"async\" src=\"\/wp-content\/uploads\/2014\/05\/SDBSL-Rep-ImmobilierService.png\" alt=\"Gestion &amp; Services\" title=\"Gestion &amp; Services\"\/><\/li>\n                        <\/ul>\n                        <div class=\"cmn-count\"><fb:comments-count href=\"https:\/\/boulevardsaintlaurent.com\/fr\/parcours\/parcours-historique-3\/\"><\/fb:comments-count><\/div>\n                        <a class=\"twitter-share-button\" href=\"https:\/\/boulevardsaintlaurent.com\/fr\/parcours\/parcours-historique-3\/\" data-via=\"twitterapi\" data-lang=\"en\">Tweet<\/a><div class=\"fb-like\" data-href=\"https:\/\/boulevardsaintlaurent.com\/fr\/parcours\/parcours-historique-3\/\" data-layout=\"button_count\" data-action=\"like\" data-show-faces=\"false\" data-share=\"false\">\u00a0<\/div>\n                    <\/div>\n                <\/div><\/div><div class=\"eight columns\"><strong>L\u2019histoire du boulevard<\/strong><\/p>\n<p class=\"font-regular\">Reconnu lieu historique d&rsquo;importance par le Gouvernement du Canada, le boulevard Saint-Laurent est l\u2019axe transversal le plus important de l\u2019\u00eele de Montr\u00e9al, ainsi que la plus vieille art\u00e8re de la ville \u00e0 avoir \u00e9t\u00e9 d\u00e9velopp\u00e9e vers le nord. En 1672, la rue \u00e9tait connue sous le nom de Saint-Lambert \u00e0 l\u2019int\u00e9rieur des fortifications de la ville. \u00c0 l\u2019ext\u00e9rieur des murs, elle conduisait \u00e0 la campagne et \u00e0 la paroisse de Saint-Laurent, fond\u00e9e en 1720.<\/p>\n<p class=\"font-regular\">C\u2019est en 1792 que Montr\u00e9al est divis\u00e9 en ses quartiers Est et Ouest, d\u00e9limit\u00e9s par la rue Saint-Laurent. Tout au long du XIXe si\u00e8cle, la bourgeoisie anglophone commence \u00e0 s\u2019installer dans le nord-ouest de la ville, la bourgeoisie francophone vers le nord, les ouvriers vers l\u2019est et le sud-ouest, alors que les nouveaux arrivants s\u2019installent le long de l\u2019axe form\u00e9 par la rue Saint-Laurent. C\u2019est par les diff\u00e9rentes vagues d\u2019immigration qu\u2019a connues Montr\u00e9al que les quartiers ethniques se sont \u00e9tablis le long du boulevard, comme le quartier chinois et la Petite Italie.<\/p>\n<p class=\"font-regular\">L\u2019ann\u00e9e 1905 marque officiellement l\u2019adoption du nom \u00ab boulevard Saint-Laurent \u00bb par le Conseil municipal de la Ville de Montr\u00e9al. C\u2019est aussi \u00e0 cette \u00e9poque que l\u2019on confirme la fronti\u00e8re que repr\u00e9sente le boulevard entre l\u2019Est et l\u2019Ouest de la ville. Cette d\u00e9cision est \u00e0 l\u2019origine des num\u00e9ros d&rsquo;immeubles que nous connaissons aujourd\u2019hui.<\/p>\n<p class=\"font-regular\">Le boulevard Saint-Laurent repr\u00e9sente toujours la division des communaut\u00e9s anglophone et allophone de celle francophone, bien que cette s\u00e9paration soit aujourd\u2019hui symbolique. Des gens de toutes les communaut\u00e9s linguistiques se retrouvent maintenant des deux c\u00f4t\u00e9s du boulevard.<\/p>\n<p class=\"font-regular\">Au courant de sa tr\u00e8s riche histoire, le boulevard Saint-Laurent a vu un grand nombre d\u2019\u00e9tablissements s\u2019installer sur son territoire avant de devenir de v\u00e9ritables institutions de la ville, comme les restaurants Schwartz\u2019s et Moishes.<\/p>\n<p class=\"font-regular\">Le boulevard Saint-Laurent est aujourd\u2019hui un quartier \u00e0 la mode et particuli\u00e8rement \u00e0 l\u2019avant-garde sur la sc\u00e8ne culturelle.<\/p>\n<p><strong>LES AMIS DU BOULEVARD<\/strong><\/p>\n<p class=\"font-regular\">Le 7 avril 2010, la Soci\u00e9t\u00e9 de d\u00e9veloppement du boulevard Saint-Laurent et Les Amis du boulevard Saint-Laurent inauguraient leur projet \u00ab La Main, toujours de son temps \u00bb. 19 panneaux ont \u00e9t\u00e9 confectionn\u00e9s pour mettre en valeur l\u2019histoire multidimensionnelle de la Main. Cette s\u00e9rie de panneaux, est install\u00e9e \u00e0 l\u2019int\u00e9rieur des commerces, et permet de d\u00e9couvrir la diversit\u00e9 de gens, d\u2019usages, d\u2019\u00e9difices associ\u00e9s \u00e0 plusieurs lieux d\u2019int\u00e9r\u00eat patrimonial sur le boulevard Saint-Laurent.<\/p>\n<p><a class=\"btn black small\" href=\"http:\/\/amisboulevardstlaurent.com\/\" target=\"_blank\" rel=\"noopener noreferrer\">Visiter les amis du boulevard<\/a><\/p>\n<\/div><\/div>\n<\/div>","protected":false},"excerpt":{"rendered":"<p>Notre \u00e9quipe LES MEMBRES DU CA \u00c0 PROPOS DU BOULEVARD SAINT LAURENT Fond\u00e9e en 2000, la Soci\u00e9t\u00e9 de d\u00e9veloppement du boulevard Saint-Laurent (SDBSL), qui \u00e9tait initialement le Village international du boulevard Saint-Laurent, a pour mission de veiller au d\u00e9veloppement \u00e9conomique, culturel et social de l\u2019art\u00e8re entre la rue Sherbrooke et l\u2019avenue Laurier. C&rsquo;est \u00e0 partir [&hellip;]<\/p>\n","protected":false},"author":1,"featured_media":0,"parent":0,"menu_order":0,"comment_status":"open","ping_status":"closed","template":"","meta":{"_acf_changed":false,"_monsterinsights_skip_tracking":false,"_monsterinsights_sitenote_active":false,"_monsterinsights_sitenote_note":"","_monsterinsights_sitenote_category":0,"footnotes":""},"acf":[],"_links":{"self":[{"href":"https:\/\/boulevardsaintlaurent.com\/fr\/wp-json\/wp\/v2\/pages\/579"}],"collection":[{"href":"https:\/\/boulevardsaintlaurent.com\/fr\/wp-json\/wp\/v2\/pages"}],"about":[{"href":"https:\/\/boulevardsaintlaurent.com\/fr\/wp-json\/wp\/v2\/types\/page"}],"author":[{"embeddable":true,"href":"https:\/\/boulevardsaintlaurent.com\/fr\/wp-json\/wp\/v2\/users\/1"}],"replies":[{"embeddable":true,"href":"https:\/\/boulevardsaintlaurent.com\/fr\/wp-json\/wp\/v2\/comments?post=579"}],"version-history":[{"count":110,"href":"https:\/\/boulevardsaintlaurent.com\/fr\/wp-json\/wp\/v2\/pages\/579\/revisions"}],"predecessor-version":[{"id":10159,"href":"https:\/\/boulevardsaintlaurent.com\/fr\/wp-json\/wp\/v2\/pages\/579\/revisions\/10159"}],"wp:attachment":[{"href":"https:\/\/boulevardsaintlaurent.com\/fr\/wp-json\/wp\/v2\/media?parent=579"}],"curies":[{"name":"wp","href":"https:\/\/api.w.org\/{rel}","templated":true}]}}