{"id":19,"date":"2013-07-15T08:17:28","date_gmt":"2013-07-15T08:17:28","guid":{"rendered":"http:\/\/themes.fuelthemes.net\/craft\/?page_id=19"},"modified":"2025-02-06T08:41:58","modified_gmt":"2025-02-06T13:41:58","slug":"accueil","status":"publish","type":"page","link":"https:\/\/boulevardsaintlaurent.com\/fr\/","title":{"rendered":"Accueil"},"content":{"rendered":"<div class=\"cf home\" style=\"text-align: center;\">\n<h2 style=\"text-align: center;\">LE COEUR DE LA <em>MAIN<\/em><\/h2>\n<p style=\"text-align: center;\">Le centre incontournable de la vie multiculturelle de Montr\u00e9al.<br \/>\nD\u00e9couvrez ce que le boulevard Saint-Laurent vous r\u00e9serve!<br \/>\n#blvdstlaurent<\/p>\n<div class=\"homesearch\" ><form method=\"get\" id=\"repertoire-searchform\" action=\"\/repertoires\">\n\t\t\t\t    <fieldset>\n\t\t\t\t    \t<input name=\"search\" type=\"text\" id=\"search\" placeholder=\"Recherche\" value=\"\">\n\t\t\t\t    \t<input type=\"submit\" id=\"submit\" value=\"GO !\" \/>\n\t\t\t\t    <\/fieldset>\n\t\t\t\t<\/form><\/div>\n<\/div>\n<div class=\"carousel-container\"><div class=\"carousel owl row\" data-columns=\"4\"><div class=\"owl-item\"><div class=\"post cf\"><div class=\"post-gallery fresco portfolio\"><img decoding=\"async\" src=\"\/wp-content\/uploads\/2022\/07\/Eat_drink_250x260.png\" alt=\"Manger &amp; Boire\"\/><div class=\"overlay\">\n                                        <a href=\"https:\/\/boulevardsaintlaurent.com\/fr\/service\/manger-boire\/\" class=\"details\"><i class=\"icon-forward\"><\/i><\/a>\n                                    <\/div><\/div><div class=\"owl-item-content main-categories\">\n                                    <div class=\"post-title\">\n                                        <h3><a href=\"https:\/\/boulevardsaintlaurent.com\/fr\/service\/manger-boire\/\">Manger &amp; Boire<\/a><\/h3>\n                                    <\/div>\n                                    <div class=\"excerpts\">Laissez-vous tenter par les nombreux lieux pour manger, boire et festoyer sur le boulevard Saint-Laurent. Vous trouverez la liste des restaurants, caf\u00e9s, pat\u00eesseries, boulangeries, \u00e9piceries, bars, bo\u00eetes de nuits et autres lieux branch\u00e9s qui font la richesse de la Main! Allez-y, vous passerez un moment hors du commun!<\/div>\n                                <\/div><\/div><\/div><div class=\"owl-item\"><div class=\"post cf\"><div class=\"post-gallery fresco portfolio\"><img decoding=\"async\" src=\"\/wp-content\/uploads\/2022\/07\/Fashion_Shopping_250x260.png\" alt=\"Mode &amp; Magasinage\"\/><div class=\"overlay\">\n                                        <a href=\"https:\/\/boulevardsaintlaurent.com\/fr\/service\/mode-magasinage\/\" class=\"details\"><i class=\"icon-forward\"><\/i><\/a>\n                                    <\/div><\/div><div class=\"owl-item-content main-categories\">\n                                    <div class=\"post-title\">\n                                        <h3><a href=\"https:\/\/boulevardsaintlaurent.com\/fr\/service\/mode-magasinage\/\">Mode &amp; Magasinage<\/a><\/h3>\n                                    <\/div>\n                                    <div class=\"excerpts\">Faites votre magasinage dans les boutiques de mode et d\u00e9co, de designers du monde, de quincailleries, friperies et autres lieux insolites. Que vous cherchiez un cadeau ou souhaitez refaire votre garde-robe, d\u00e9couvrez toutes les boutiques qui font le charme du boulevard Saint-Laurent. De belles trouvailles vous y attendent!<\/div>\n                                <\/div><\/div><\/div><div class=\"owl-item\"><div class=\"post cf\"><div class=\"post-gallery fresco portfolio\"><img decoding=\"async\" src=\"\/wp-content\/uploads\/2022\/07\/Art_Culture_250x260.png\" alt=\"Art &amp; Culture\"\/><div class=\"overlay\">\n                                        <a href=\"https:\/\/boulevardsaintlaurent.com\/fr\/service\/art-culture\/\" class=\"details\"><i class=\"icon-forward\"><\/i><\/a>\n                                    <\/div><\/div><div class=\"owl-item-content main-categories\">\n                                    <div class=\"post-title\">\n                                        <h3><a href=\"https:\/\/boulevardsaintlaurent.com\/fr\/service\/art-culture\/\">Art &amp; Culture<\/a><\/h3>\n                                    <\/div>\n                                    <div class=\"excerpts\">Explorez l'effervescence de la vie culturelle et artistique du boulevard Saint-Laurent. De jour comme de nuit, c'est la destination incontournable de Montr\u00e9al gr\u00e2ce \u00e0 sa foule d'activit\u00e9s et d'\u00e9v\u00e9nements pr\u00e9sent\u00e9s dans les salles de spectacles, galeries d'arts, festivals et autres studios artistiques.<\/div>\n                                <\/div><\/div><\/div><div class=\"owl-item\"><div class=\"post cf\"><div class=\"post-gallery fresco portfolio\"><img decoding=\"async\" src=\"\/wp-content\/uploads\/2022\/07\/Beauty_Health_250x260.png\" alt=\"Beaut\u00e9 &amp; Bien-\u00eatre\"\/><div class=\"overlay\">\n                                        <a href=\"https:\/\/boulevardsaintlaurent.com\/fr\/service\/beaute-bien-etre\/\" class=\"details\"><i class=\"icon-forward\"><\/i><\/a>\n                                    <\/div><\/div><div class=\"owl-item-content main-categories\">\n                                    <div class=\"post-title\">\n                                        <h3><a href=\"https:\/\/boulevardsaintlaurent.com\/fr\/service\/beaute-bien-etre\/\">Beaut\u00e9 &amp; Bien-\u00eatre<\/a><\/h3>\n                                    <\/div>\n                                    <div class=\"excerpts\">Prenez soin de votre apparence et de votre sant\u00e9 en visitant notre r\u00e9pertoire de beaut\u00e9 et bien-\u00eatre physique et psychologique. Proche de chez vous ou de votre travail, le boulevard Saint-Laurent offre un large \u00e9ventail de services en soins beaut\u00e9, sant\u00e9, cliniques et conditionnement physique.<\/div>\n                                <\/div><\/div><\/div><div class=\"owl-item\"><div class=\"post cf\"><div class=\"post-gallery fresco portfolio\"><img decoding=\"async\" src=\"\/wp-content\/uploads\/2022\/07\/Services_250x260.png\" alt=\"Gestion &amp; Services\"\/><div class=\"overlay\">\n                                        <a href=\"https:\/\/boulevardsaintlaurent.com\/fr\/service\/gestion-services\/\" class=\"details\"><i class=\"icon-forward\"><\/i><\/a>\n                                    <\/div><\/div><div class=\"owl-item-content main-categories\">\n                                    <div class=\"post-title\">\n                                        <h3><a href=\"https:\/\/boulevardsaintlaurent.com\/fr\/service\/gestion-services\/\">Gestion &amp; Services<\/a><\/h3>\n                                    <\/div>\n                                    <div class=\"excerpts\">Trouvez les meilleurs services sp\u00e9cialis\u00e9s pour vous aider dans votre quotidien. Pour planifier un voyage, garder vos enfants, vous stationner, g\u00e9rer vos finances et votre entreprise, le boulevard Saint-Laurent a de quoi satisfaire tous vos besoins. Administration et services<\/div>\n                                <\/div><\/div><\/div><div class=\"owl-item\"><div class=\"post cf\"><div class=\"post-gallery fresco portfolio\"><img decoding=\"async\" src=\"\/wp-content\/uploads\/2022\/07\/Professional_creative_250x260.png\" alt=\"Professionnels &amp; Cr\u00e9atifs\"\/><div class=\"overlay\">\n                                        <a href=\"https:\/\/boulevardsaintlaurent.com\/fr\/service\/professionnels-creatifs\/\" class=\"details\"><i class=\"icon-forward\"><\/i><\/a>\n                                    <\/div><\/div><div class=\"owl-item-content main-categories\">\n                                    <div class=\"post-title\">\n                                        <h3><a href=\"https:\/\/boulevardsaintlaurent.com\/fr\/service\/professionnels-creatifs\/\">Professionnels &amp; Cr\u00e9atifs<\/a><\/h3>\n                                    <\/div>\n                                    <div class=\"excerpts\">Faites appel aux diff\u00e9rents professionnels et cr\u00e9atifs de la Main. Tels les deux h\u00e9misph\u00e8res du cerveau humain, le succ\u00e8s du boulevard Saint-Laurent se fait gr\u00e2ce aux talentueuses entreprises cr\u00e9atives et technologiques, agences web, avocats et autres domaines passionnants.<\/div>\n                                <\/div><\/div><\/div><\/div><\/div><div class=\"carousel-controls\"><a href=\"\/nouvelles\" class=\"btn\">Toutes les Nouvelles<\/a><\/div>\n\n<div class=\"container home-services row\"><div class=\"four columns\"><h1><a href=\"https:\/\/boulevardsaintlaurent.com\/fr\/repertoires\/\">R\u00e9pertoire<\/a><\/h1><div class=\"block-post owl-item-content\">\n                            <div class=\"fresco\">\n                                <a href=\"https:\/\/boulevardsaintlaurent.com\/fr\/repertoires\/\"><img decoding=\"async\" src=\"https:\/\/boulevardsaintlaurent.com\/wp-content\/themes\/craft-wp-new\/assets\/img\/cat_1.jpg\" alt=\"Consultez le r\u00e9pertoire\"\/><\/a>\n                                <div class=\"overlay\"><a href=\"https:\/\/boulevardsaintlaurent.com\/fr\/repertoires\/\" class=\"details\"><i class=\"icon-forward\"><\/i><\/a><\/div>\n                            <\/div>\n                            <div class=\"content owl-item-content\">\n                                <h5><a href=\"https:\/\/boulevardsaintlaurent.com\/fr\/repertoires\/\">Consultez le r\u00e9pertoire<\/a><\/h5>\n                                <p>Restos, boutique, art & culture... et bien plus encore! [...]<\/p>\n                            <\/div>\n                        <\/div><\/div><div class=\"four columns\"><h1><a href=\"https:\/\/boulevardsaintlaurent.com\/fr\/parcours-sur-le-boulevard\/\">Parcours<\/a><\/h1><div class=\"block-post owl-item-content\">\n                                <div class=\"fresco parcour\"><a href=\"https:\/\/boulevardsaintlaurent.com\/fr\/parcours\/magasinez-avec-les-soeurs-stratis\/\"><img decoding=\"async\" src=\"\/wp-content\/uploads\/2021\/04\/soeurs-stratis-1-346x247.jpg\" alt=\"Magasinez avec les soeurs Stratis\"\/><\/a><div class=\"overlay \"><a href=\"https:\/\/boulevardsaintlaurent.com\/fr\/parcours\/magasinez-avec-les-soeurs-stratis\/\" class=\"details\"><i class=\"icon-forward\"><\/i><\/a><\/div><\/div>\n                                <div class=\"categories\"><ul>\n                                    <li><img decoding=\"async\" src=\"\/wp-content\/uploads\/2014\/05\/SDBSL-Rep-ModeMagasinage.png\" alt=\"Mode\" title=\"Mode\"\/><\/li><li><img decoding=\"async\" src=\"\" alt=\"Caf\u00e9s\" title=\"Caf\u00e9s\"\/><\/li><li><img decoding=\"async\" src=\"\/wp-content\/uploads\/2014\/05\/SDBSL-Rep-ModeMagasinage.png\" alt=\"Lunetteries\" title=\"Lunetteries\"\/><\/li>\n                                <\/ul><\/div>\n                                <div class=\"content owl-item-content\">\n                                    <h5><a href=\"https:\/\/boulevardsaintlaurent.com\/fr\/parcours\/magasinez-avec-les-soeurs-stratis\/\">Magasinez avec les soeurs Stratis<\/a><\/h5>\n                                    <p>Apr 20, 2021 - Posted By SDBSL<\/p>\n                                <\/div>\n                            <\/div><\/div><div class=\"four columns\"><h1><a href=\"https:\/\/boulevardsaintlaurent.com\/fr\/nouvelles\/\">Nouvelles<\/a><\/h1><div class=\"block-post owl-item-content\">\n                                <br \/>\n                                <div class=\"content owl-item-content\">\n                                    <h5><a href=\"https:\/\/boulevardsaintlaurent.com\/fr\/nouvelle\/elections-municipales-2025-reponses-des-candidats-aux-questions-des-sdc-du-plateau-mont-royal\/\">\u00c9lections municipales 2025\u2014 R\u00e9ponses des candidats aux questions des SDC du Plateau-Mont-Royal<\/a><\/h5>\n                                    <p>Oct 21, 2025 - Posted By SDBSL<\/p>\n                                <\/div>\n                            <\/div><\/div><\/div>\n<div id=\"gtx-trans\" style=\"position: absolute; left: 345px; top: 121.469px;\">\n<div class=\"gtx-trans-icon\"><\/div>\n<\/div>\n<div style=\"overflow:hidden;height:1px;\">\n<a href=\"https:\/\/az.pinupcasino.com\/\">pin-up kazino<\/a>\n<\/div>","protected":false},"excerpt":{"rendered":"<p>LE COEUR DE LA MAIN Le centre incontournable de la vie multiculturelle de Montr\u00e9al. D\u00e9couvrez ce que le boulevard Saint-Laurent vous r\u00e9serve! #blvdstlaurent pin-up kazino<\/p>\n","protected":false},"author":1,"featured_media":0,"parent":0,"menu_order":0,"comment_status":"open","ping_status":"closed","template":"template-home-flex.php","meta":{"_acf_changed":false,"_monsterinsights_skip_tracking":false,"_monsterinsights_sitenote_active":false,"_monsterinsights_sitenote_note":"","_monsterinsights_sitenote_category":0,"footnotes":""},"acf":[],"_links":{"self":[{"href":"https:\/\/boulevardsaintlaurent.com\/fr\/wp-json\/wp\/v2\/pages\/19"}],"collection":[{"href":"https:\/\/boulevardsaintlaurent.com\/fr\/wp-json\/wp\/v2\/pages"}],"about":[{"href":"https:\/\/boulevardsaintlaurent.com\/fr\/wp-json\/wp\/v2\/types\/page"}],"author":[{"embeddable":true,"href":"https:\/\/boulevardsaintlaurent.com\/fr\/wp-json\/wp\/v2\/users\/1"}],"replies":[{"embeddable":true,"href":"https:\/\/boulevardsaintlaurent.com\/fr\/wp-json\/wp\/v2\/comments?post=19"}],"version-history":[{"count":148,"href":"https:\/\/boulevardsaintlaurent.com\/fr\/wp-json\/wp\/v2\/pages\/19\/revisions"}],"predecessor-version":[{"id":10949,"href":"https:\/\/boulevardsaintlaurent.com\/fr\/wp-json\/wp\/v2\/pages\/19\/revisions\/10949"}],"wp:attachment":[{"href":"https:\/\/boulevardsaintlaurent.com\/fr\/wp-json\/wp\/v2\/media?parent=19"}],"curies":[{"name":"wp","href":"https:\/\/api.w.org\/{rel}","templated":true}]}}