{"id":718,"date":"2014-03-27T07:45:53","date_gmt":"2014-03-27T07:45:53","guid":{"rendered":"http:\/\/sdbsl.dev\/?page_id=718"},"modified":"2018-02-27T14:46:59","modified_gmt":"2018-02-27T18:46:59","slug":"infos-visiteurs","status":"publish","type":"page","link":"https:\/\/boulevardsaintlaurent.com\/en\/infos-visiteurs\/","title":{"rendered":"Visitor Information"},"content":{"rendered":"<h5 class=\"font-regular black size-large\">HOW TO GET THERE<\/h5>\n<div class=\"direction_map row\"><div class=\"left\"><ul><li id=\"map0\" class=\"active\"><img decoding=\"async\" src=\"\/wp-content\/uploads\/2014\/03\/direct1.jpg\" alt=\"M\u00e9tro\" \/><div>\n                            <h6 class=\"small bold\">M\u00e9tro<\/h6>\n                            <p class=\"margin-no\"> Many metro stations surround the Saint-Laurent Boulevard: Laurier, Mont-Royal and Sherbrooke to the east and Saint-Laurent to the south. <\/p>\n                        <\/div><\/li><li id=\"map1\"> <!-- SHOW ME THIS --><img decoding=\"async\" src=\"\/wp-content\/uploads\/2014\/04\/bus.jpg\" alt=\"Bus\" \/><div>\n                            <h6 class=\"small bold\">Bus<\/h6>\n                            <p class=\"margin-no\"> So simple! The 55 is dedicated to the Saint-Laurent Boulevard. Hop on and get off when you want for the measly sum of $3.25. The 55 southbound bus drives in parallel on Saint-Urbain, just a few steps away from the Main.\u00a0<\/p>\n                        <\/div><\/li><li id=\"map2\"> <!-- SHOW ME THIS --><img decoding=\"async\" src=\"\/wp-content\/uploads\/2014\/03\/direct2.jpg\" alt=\"Bixi\" \/><div>\n                            <h6 class=\"small bold\">Bixi<\/h6>\n                            <p class=\"margin-no\"> The Plateau is the most bike-friendly borough in Canada! A dozen Bixi stations surround Saint-Laurent Boulevard between Sherbrooke and Laurier. The dedicated bicycle paths will make your trips as easy as can be!<label>\u00a0<\/label><\/p>\n                        <\/div><\/li><li id=\"map3\"> <!-- SHOW ME THIS --><img decoding=\"async\" src=\"\/wp-content\/uploads\/2014\/04\/parking.jpg\" alt=\"Parking\" \/><div>\n                            <h6 class=\"small bold\">Parking<\/h6>\n                            <p class=\"margin-no\"> \u2018There&#8217;s never any parking in the Plateau!\u2019 Wrong. You simply need to know where to look. In addition to the spaces on the street, there are many parking lots available on the Boulevard and in its surroundings.<label>\u00a0<\/label><\/p>\n                        <\/div><\/li><li id=\"map4\"> <!-- SHOW ME THIS --><img decoding=\"async\" src=\"\/wp-content\/uploads\/2014\/03\/direct3.jpg\" alt=\"Taxis\" \/><div>\n                            <h6 class=\"small bold\">Taxis<\/h6>\n                            <p class=\"margin-no\"> Taking a taxi? Have the driver drop you off at any intersection or at the specific address where you want to go.<label>\u00a0<\/label><\/p>\n                        <\/div><\/li><\/ul><\/div><div class=\"right\"><ul><li id=\"map0\" class=\"active\"><iframe loading=\"lazy\" style=\"border: 0;\" src=\"https:\/\/mapsengine.google.com\/map\/embed?mid=zvvDoWuL5OmA.kzh09VykXHQw\" height=\"595\" width=\"600\" frameborder=\"0\"><\/iframe><\/li><li id=\"map1\"><iframe loading=\"lazy\" style=\"border: 0;\" src=\"https:\/\/mapsengine.google.com\/map\/embed?mid=zvvDoWuL5OmA.kU3pjkogL2vY\" height=\"595\" width=\"600\" frameborder=\"0\"><\/iframe><\/li><li id=\"map2\"><iframe loading=\"lazy\" style=\"border: 0;\" src=\"https:\/\/mapsengine.google.com\/map\/embed?mid=zvvDoWuL5OmA.k_VwdJgVkyyQ\" height=\"595\" width=\"600\" frameborder=\"0\"><\/iframe><\/li><li id=\"map3\"><iframe loading=\"lazy\" style=\"border: 0;\" src=\"https:\/\/www.google.com\/maps\/d\/embed?mid=1jzdoceRldu85fiGX4MTQcz1z5gE\" height=\"595\" width=\"600\" frameborder=\"0\"><\/iframe><\/li><li id=\"map4\"><iframe loading=\"lazy\" style=\"border: 0;\" src=\"https:\/\/mapsengine.google.com\/map\/embed?mid=zvvDoWuL5OmA.kvraSsy8WRZA\" height=\"595\" width=\"600\" frameborder=\"0\"><\/iframe><\/li><\/ul><\/div><\/div>\n<div class=\"outside\">\n<h6 class=\"small bold\">Other Options<\/h6>\n<p class=\"margin-small\">There are tons of ways to discover the Saint-Laurent Boulevard, but we strongly suggest that you walk-because there&#8217;s just so much to see! You can find many tips reading <strong><a title=\"Tips and tricks when visiting the Saint-Laurent Boulevard\" href=\"\/en\/nouvelle\/trucs-et-astuces-pour-visiter-le-boulevard-saint-laurent\/\" target=\"_blank\">this article<\/a><\/strong>.<\/p>\n<\/div>\n<div class=\"purplerow row\">\n                <div class=\"title\">\n                    Contact \n                <\/div>\n                <div class=\"content\">\n                    <div class=\"row\"><div class=\"six columns\">\n<p class=\"margin-small\"><strong>Soci\u00e9t\u00e9 de d\u00e9veloppement du boulevard Saint-Laurent<\/strong><\/p>\n<p class=\"margin-no\">4398 boulevard Saint-Laurent, bureau 309<\/p>\n<p class=\"margin-no\">Montreal, Quebec, H2W 1Z5<\/p>\n<\/div><div class=\"six columns\">\n<p class=\"margin-no\">Tel.: (514) 286-0334<\/p>\n<p class=\"margin-small\">Fax: (514) 286-0967<\/p>\n<p class=\"margin-no\"><a href=\"mailto:info@sdbsl.ca\" target=\"_blank\"><span style=\"text-decoration: underline;\">Email: info@sdbsl.ca<\/span><\/a><\/p>\n<\/div><\/div>\n                <\/div>    \n            <\/div>\n<h5 class=\"font-regular size-large gray\"><span class=\"black\">PARCOURS<\/span> : UNE AUTRE FA\u00c7ON DE D\u00c9COUVRIR LE BOULEVARD<\/h5>\n<div class=\"row parcours-block show-3\"><ul><li style=\"z-index:999;\" class=\"apropos-post\">\n                                    <div class=\"fresco parcour\"><a href=\"https:\/\/boulevardsaintlaurent.com\/en\/parcours\/les-gouts-de-la-main-un-embleme-de-montreal\/\"><img decoding=\"async\" src=\"\/wp-content\/uploads\/2014\/07\/0.-GouteTonQuartier-346x247.jpg\" alt=\"THE TASTES OF THE MAIN; AN EMBLEM OF MONTREAL\"\/><\/a><div class=\"overlay overlay-padding\"><a href=\"https:\/\/boulevardsaintlaurent.com\/en\/parcours\/les-gouts-de-la-main-un-embleme-de-montreal\/\" class=\"details\"><i class=\"icon-forward\"><\/i><\/a><\/div><\/div>\n                                    <div class=\"content owl-item-content\">\n                                        <h4><a href=\"https:\/\/boulevardsaintlaurent.com\/en\/parcours\/les-gouts-de-la-main-un-embleme-de-montreal\/\">THE TASTES OF THE MAIN; AN EMBLEM OF MONTREAL<\/a><\/h4>\n                                        <small>Jul 28, 2014 - posted by Guillaume<\/small>\n                                        <p class=\"margin-top\">It was supposed to rain on Saturday July 26th, but the sun was very much out at 2pm when the participants of Taste Your Neighbourhood met up with the representative from Yellow Pages (the organizers of the event) and the tour guide at the corner of Saint-Laurent and Prince-Arthur. Discovering [...]<\/p>\n                                    <\/div>\n                                    <div class=\"apropos-post-foot\">\n                                        <ul>\n                                            <li><img decoding=\"async\" src=\"\" alt=\"Eat &amp; Drink\" title=\"Eat &amp; Drink\"\/><\/li>\n                                        <\/ul>\n                                        <div class=\"cmn-count\"><fb:comments-count href=\"https:\/\/boulevardsaintlaurent.com\/en\/parcours\/les-gouts-de-la-main-un-embleme-de-montreal\/\"><\/fb:comments-count><\/div>\n                                        <a class=\"twitter-share-button\" href=\"https:\/\/boulevardsaintlaurent.com\/en\/parcours\/les-gouts-de-la-main-un-embleme-de-montreal\/\" data-via=\"twitterapi\" data-lang=\"en\">Tweet<\/a><div class=\"fb-like\" data-href=\"https:\/\/boulevardsaintlaurent.com\/en\/parcours\/les-gouts-de-la-main-un-embleme-de-montreal\/\" data-layout=\"button_count\" data-action=\"like\" data-show-faces=\"false\" data-share=\"false\">\u00a0<\/div>\n                                    <\/div>\n                                <\/li><li style=\"z-index:998;\" class=\"apropos-post\">\n                                    <div class=\"fresco parcour\"><a href=\"https:\/\/boulevardsaintlaurent.com\/en\/parcours\/magasinez-avec-les-soeurs-stratis\/\"><img decoding=\"async\" src=\"\/wp-content\/uploads\/2021\/04\/soeurs-stratis-1-346x247.jpg\" alt=\"Shop with the Stratis sisters\"\/><\/a><div class=\"overlay overlay-padding\"><a href=\"https:\/\/boulevardsaintlaurent.com\/en\/parcours\/magasinez-avec-les-soeurs-stratis\/\" class=\"details\"><i class=\"icon-forward\"><\/i><\/a><\/div><\/div>\n                                    <div class=\"content owl-item-content\">\n                                        <h4><a href=\"https:\/\/boulevardsaintlaurent.com\/en\/parcours\/magasinez-avec-les-soeurs-stratis\/\">Shop with the Stratis sisters<\/a><\/h4>\n                                        <small>Apr 20, 2021 - posted by maud<\/small>\n                                        <p class=\"margin-top\">Josiane and Carolane Stratis worked with passion for several years in fashion, content, image, video or social involvement. The fashion twins have made their mark across the entrepreneurial and media landscape. The SDBSL invited them to present their 3 favorite places on the boulevard. &nbsp; &nbsp; &nbsp;<\/p>\n                                    <\/div>\n                                    <div class=\"apropos-post-foot\">\n                                        <ul>\n                                            <li><img decoding=\"async\" src=\"\/wp-content\/uploads\/2014\/05\/SDBSL-Rep-ModeMagasinage.png\" alt=\"Fashion\" title=\"Fashion\"\/><\/li><li><img decoding=\"async\" src=\"\" alt=\"Coffee Shops\" title=\"Coffee Shops\"\/><\/li><li><img decoding=\"async\" src=\"\/wp-content\/uploads\/2014\/05\/SDBSL-Rep-ModeMagasinage.png\" alt=\"Eye Wear\" title=\"Eye Wear\"\/><\/li>\n                                        <\/ul>\n                                        <div class=\"cmn-count\"><fb:comments-count href=\"https:\/\/boulevardsaintlaurent.com\/en\/parcours\/magasinez-avec-les-soeurs-stratis\/\"><\/fb:comments-count><\/div>\n                                        <a class=\"twitter-share-button\" href=\"https:\/\/boulevardsaintlaurent.com\/en\/parcours\/magasinez-avec-les-soeurs-stratis\/\" data-via=\"twitterapi\" data-lang=\"en\">Tweet<\/a><div class=\"fb-like\" data-href=\"https:\/\/boulevardsaintlaurent.com\/en\/parcours\/magasinez-avec-les-soeurs-stratis\/\" data-layout=\"button_count\" data-action=\"like\" data-show-faces=\"false\" data-share=\"false\">\u00a0<\/div>\n                                    <\/div>\n                                <\/li><li style=\"z-index:997;\" class=\"apropos-post\">\n                                    <div class=\"fresco parcour\"><a href=\"https:\/\/boulevardsaintlaurent.com\/en\/parcours\/des-idees-pour-vos-echanges-de-cadeaux\/\"><img decoding=\"async\" src=\"\/wp-content\/uploads\/2016\/11\/IdeesCadeaux-Cover-346x247.png\" alt=\"GIFT IDEAS FOR YOUR OFFICE\u2019S SECRET SANTA\"\/><\/a><div class=\"overlay overlay-padding\"><a href=\"https:\/\/boulevardsaintlaurent.com\/en\/parcours\/des-idees-pour-vos-echanges-de-cadeaux\/\" class=\"details\"><i class=\"icon-forward\"><\/i><\/a><\/div><\/div>\n                                    <div class=\"content owl-item-content\">\n                                        <h4><a href=\"https:\/\/boulevardsaintlaurent.com\/en\/parcours\/des-idees-pour-vos-echanges-de-cadeaux\/\">GIFT IDEAS FOR YOUR OFFICE\u2019S SECRET SANTA<\/a><\/h4>\n                                        <small>Nov 10, 2016 - posted by Guillaume<\/small>\n                                        <p class=\"margin-top\">The time for Secret Santas is upon us and we\u2019re willing to bet that you have no idea what to get Janine from accounting. But fear not, for we have ideas for you! Whether you work on the Main or live in the area, here are a few simple and [...]<\/p>\n                                    <\/div>\n                                    <div class=\"apropos-post-foot\">\n                                        <ul>\n                                            <li><img decoding=\"async\" src=\"\" alt=\"Eat &amp; Drink\" title=\"Eat &amp; Drink\"\/><\/li><li><img decoding=\"async\" src=\"\/wp-content\/uploads\/2014\/05\/SDBSL-Rep-ModeMagasinage.png\" alt=\"Fashion &amp; Shopping\" title=\"Fashion &amp; Shopping\"\/><\/li>\n                                        <\/ul>\n                                        <div class=\"cmn-count\"><fb:comments-count href=\"https:\/\/boulevardsaintlaurent.com\/en\/parcours\/des-idees-pour-vos-echanges-de-cadeaux\/\"><\/fb:comments-count><\/div>\n                                        <a class=\"twitter-share-button\" href=\"https:\/\/boulevardsaintlaurent.com\/en\/parcours\/des-idees-pour-vos-echanges-de-cadeaux\/\" data-via=\"twitterapi\" data-lang=\"en\">Tweet<\/a><div class=\"fb-like\" data-href=\"https:\/\/boulevardsaintlaurent.com\/en\/parcours\/des-idees-pour-vos-echanges-de-cadeaux\/\" data-layout=\"button_count\" data-action=\"like\" data-show-faces=\"false\" data-share=\"false\">\u00a0<\/div>\n                                    <\/div>\n                                <\/li><\/ul><\/div><div class=\"carousel-controls\"><a href=\"\/?page_id=852\" class=\"btn\">All journey<\/a><\/div>","protected":false},"excerpt":{"rendered":"<p>HOW TO GET THERE Other Options There are tons of ways to discover the Saint-Laurent Boulevard, but we strongly suggest that you walk-because there&#8217;s just so much to see! You can find many tips reading this article. PARCOURS : UNE AUTRE FA\u00c7ON DE D\u00c9COUVRIR LE BOULEVARD<\/p>\n","protected":false},"author":1,"featured_media":0,"parent":0,"menu_order":0,"comment_status":"open","ping_status":"open","template":"","meta":{"_acf_changed":false,"_monsterinsights_skip_tracking":false,"_monsterinsights_sitenote_active":false,"_monsterinsights_sitenote_note":"","_monsterinsights_sitenote_category":0,"footnotes":""},"acf":[],"_links":{"self":[{"href":"https:\/\/boulevardsaintlaurent.com\/en\/wp-json\/wp\/v2\/pages\/718"}],"collection":[{"href":"https:\/\/boulevardsaintlaurent.com\/en\/wp-json\/wp\/v2\/pages"}],"about":[{"href":"https:\/\/boulevardsaintlaurent.com\/en\/wp-json\/wp\/v2\/types\/page"}],"author":[{"embeddable":true,"href":"https:\/\/boulevardsaintlaurent.com\/en\/wp-json\/wp\/v2\/users\/1"}],"replies":[{"embeddable":true,"href":"https:\/\/boulevardsaintlaurent.com\/en\/wp-json\/wp\/v2\/comments?post=718"}],"version-history":[{"count":132,"href":"https:\/\/boulevardsaintlaurent.com\/en\/wp-json\/wp\/v2\/pages\/718\/revisions"}],"predecessor-version":[{"id":10147,"href":"https:\/\/boulevardsaintlaurent.com\/en\/wp-json\/wp\/v2\/pages\/718\/revisions\/10147"}],"wp:attachment":[{"href":"https:\/\/boulevardsaintlaurent.com\/en\/wp-json\/wp\/v2\/media?parent=718"}],"curies":[{"name":"wp","href":"https:\/\/api.w.org\/{rel}","templated":true}]}}