{"id":675,"date":"2014-03-27T03:07:12","date_gmt":"2014-03-27T03:07:12","guid":{"rendered":"http:\/\/sdbsl.dev\/?page_id=675"},"modified":"2016-10-18T10:42:55","modified_gmt":"2016-10-18T14:42:55","slug":"services-et-avantages","status":"publish","type":"page","link":"https:\/\/boulevardsaintlaurent.com\/en\/services-et-avantages\/","title":{"rendered":"Services and benefits"},"content":{"rendered":"<div class=\"border-container\"><div class=\"row border\"><div class=\"three columns\"><div class=\"iconbox top\"><span><i class=\"icon-mobile\"><\/i><\/span><div class=\"content\"><strong>Inform &amp; Support<\/strong><div><\/div><\/div><\/div><\/div><div class=\"three columns\"><div class=\"iconbox top\"><span><i class=\"icon-lamp\"><\/i><\/span><div class=\"content\"><strong>Represent &amp; Defend<\/strong><div><\/div><\/div><\/div><\/div><div class=\"three columns\"><div class=\"iconbox top\"><span><i class=\"icon-paper-plane\"><\/i><\/span><div class=\"content\"><strong>Preserve &amp; Enhance<\/strong><div><\/div><\/div><\/div><\/div><div class=\"three columns\"><div class=\"iconbox top\"><span><i class=\"icon-light-up\"><\/i><\/span><div class=\"content\"><strong>Maintain &amp; Beautify <\/strong><div><\/div><\/div><\/div><\/div><\/div><\/div>\n<div class=\"row\"><div class=\"eight columns\">\n<h4 class=\"h4\">Services and benefits<\/h4>\n<p>As a Business Improvement Area (BIA), the Soci\u00e9t\u00e9 de d\u00e9veloppement du boulevard Saint-Laurent commits itself to the economic, social and cultural development of all businesses and organisms located in its area. Whether it may be a well-established store, an office, a non-profit organization or a grouping, the SDBSL is there to address the members&#8217; needs.<\/p>\n<p>For the existing businesses as well as the ones that would like to settle in our area, we will always be there to facilitate with the procedures you wish to undertake.<\/p>\n<div class=\"toggle\"><div class=\"title\">Represent &amp; Defend<\/div><div class=\"inner\">\u00a0The SDBSL looks after the members&#8217; interest and fights for their needs when dealing with public, governmental and municipal authorities. Whether it may be a case of controversy or of inadequate legislation, the SDBSL ensures you with reliable advocacy service.<\/div><\/div><div class=\"toggle\"><div class=\"title\">Inform &amp; Support<\/div><div class=\"inner\">The world of business is constantly changing, much like the guidelines that surround it. The SDBSL informs its members about new regulations, state-of-the-art technologies and the best business culture. Through market research, relevant surveys and various partnerships, we are able to provide our members with tools that better help cope with competition in order to deal with the realities of the marketplace.<\/div><\/div><div class=\"toggle\"><div class=\"title\">Preserve &amp; Enhance<\/div><div class=\"inner\">Known as an important historical site by the Government of Canada, the Saint-Laurent Boulevard draws its authenticity from its values, history and soul. That is precisely why we make it our duty to preserve and promote this lifestyle in every action we decide to undertake.<\/p>\n<p>This authenticity and nonconformity is what set us apart from all the other destinations in the world!<\/div><\/div><div class=\"toggle\"><div class=\"title\">Maintain &amp; Beautify<\/div><div class=\"inner\">The appeal of an artery relies on its appearance among other things. The SDBSL works together with the municipality to ensure a greater cleanliness and beautification of the area. We can all appreciate an enjoyable, green and clean environment. That is why we are set up various programs and projects which aim to ensure the cleanliness and beautification of the Main as well as its safety.<\/div><\/div>\n<\/div><div class=\"four columns\">\n<p><!--\n\n\n<h4 class=\"h4\">Travailler sur le boulevard<\/h4>\n\n\n&#091;temoignage&#093;TRAVAILLER SUR LE BOULEVARD C'EST SUPER CHOUETTE, VRAIMENT, LOREM IPSUM DOLOR SIT AMET &#091;...&#093;&#091;\/temoignage&#093;\n\n&#091;bargraph percentage=\"60\"&#093;TAUX D'OCCUPATION DES LOCAUX&#091;\/bargraph&#093;&#091;bargraph percentage=\"80\"&#093;TYPE COMMERCE ALIMENTATION&#091;\/bargraph&#093;&#091;bargraph percentage=\"60\"&#093;MODE&#091;\/bargraph&#093;&#091;bargraph percentage=\"20\"&#093;CULTURE&#091;\/bargraph&#093;&#091;bargraph percentage=\"80\"&#093;TYPE DE COMMERCE X&#091;\/bargraph&#093;\n\n\n<p class=\"margin-small\">Vous d\u00e9sirez vous installer sur la\u00a0\u00a0\u00ab Main \u00bb? ll vous suffit de vous rendre sur le site de CDEC qui contient une importante banque de donn\u00e9es dans laquelle vous trouverez s\u00fbrement le b\u00e2timent id\u00e9al pour votre commerce!<\/p>\n\n\n\n\n<p class=\"margin-no\">Contact: <span style=\"text-decoration: underline;\">514-286-0334<\/span><\/p>\n\n\nCourriel: <span style=\"text-decoration: underline;\"><a href=\"mailto:info@boulevardsaintlaurent.com\" target=\"_blank\">info@boulevardsaintlaurent.com<\/a><\/span>\n\n&#091;button link=\"#\" color=\"black\" rounded=\"false\" icon=\"\" size=\"small\"&#093;en savoir plus&#091;\/button&#093;<a href=\"#\"><img loading=\"lazy\" decoding=\"async\" class=\"alignright size-full wp-image-699\" alt=\"logo-codec\" src=\"\/wp-content\/uploads\/2014\/03\/logo-codec.png\" width=\"137\" height=\"90\" \/><\/a>\n\n<!-- --><\/p>\n<\/div><\/div>","protected":false},"excerpt":{"rendered":"","protected":false},"author":1,"featured_media":0,"parent":0,"menu_order":0,"comment_status":"open","ping_status":"open","template":"template-member.php","meta":{"_acf_changed":false,"_monsterinsights_skip_tracking":false,"_monsterinsights_sitenote_active":false,"_monsterinsights_sitenote_note":"","_monsterinsights_sitenote_category":0,"footnotes":""},"acf":[],"_links":{"self":[{"href":"https:\/\/boulevardsaintlaurent.com\/en\/wp-json\/wp\/v2\/pages\/675"}],"collection":[{"href":"https:\/\/boulevardsaintlaurent.com\/en\/wp-json\/wp\/v2\/pages"}],"about":[{"href":"https:\/\/boulevardsaintlaurent.com\/en\/wp-json\/wp\/v2\/types\/page"}],"author":[{"embeddable":true,"href":"https:\/\/boulevardsaintlaurent.com\/en\/wp-json\/wp\/v2\/users\/1"}],"replies":[{"embeddable":true,"href":"https:\/\/boulevardsaintlaurent.com\/en\/wp-json\/wp\/v2\/comments?post=675"}],"version-history":[{"count":58,"href":"https:\/\/boulevardsaintlaurent.com\/en\/wp-json\/wp\/v2\/pages\/675\/revisions"}],"predecessor-version":[{"id":6397,"href":"https:\/\/boulevardsaintlaurent.com\/en\/wp-json\/wp\/v2\/pages\/675\/revisions\/6397"}],"wp:attachment":[{"href":"https:\/\/boulevardsaintlaurent.com\/en\/wp-json\/wp\/v2\/media?parent=675"}],"curies":[{"name":"wp","href":"https:\/\/api.w.org\/{rel}","templated":true}]}}