{"id":579,"date":"2014-03-26T03:39:52","date_gmt":"2014-03-26T03:39:52","guid":{"rendered":"http:\/\/sdbsl.dev\/?page_id=579"},"modified":"2021-02-26T14:44:03","modified_gmt":"2021-02-26T18:44:03","slug":"a-propos","status":"publish","type":"page","link":"https:\/\/boulevardsaintlaurent.com\/en\/a-propos\/","title":{"rendered":"About"},"content":{"rendered":"<div class=\"apropos\">\n<h4 class=\"h4\">Our Team<\/h4>\n<div class=\"carousel-container\"><div class=\"carousel owl row\" data-columns=\"4\"><div class=\"post cf\"><div class=\"imagelike\"><a href=\"#\" class=\"likeThis\" id=\"like-608\" data-id=\"608\">\n\t\t\t\t\t\t<i class=\"icon-heart\"><\/i><span class=\"count\">0<\/span>\n\t\t\t\t\t<\/a><\/div><div class=\"post-gallery fresco team\"><div class=\"infor\"><ul><li class=\"informail\"><a href=\"mailto:tasha@sdbsl.ca\">a<\/a><\/li><li class=\"infortwitter\"><a href=\"https:\/\/twitter.com\/TashaMorizio\" target=\"_blank\">a<\/a><\/li><\/ul><\/div><img loading=\"lazy\" decoding=\"async\" width=\"260\" height=\"320\" src=\"https:\/\/boulevardsaintlaurent.com\/wp-content\/uploads\/2014\/03\/portrait-equipe-Solene-Broisin-5-260x320.jpg\" class=\"attachment-my_team size-my_team wp-post-image\" alt=\"\" \/>\n                                        <a href=\"https:\/\/boulevardsaintlaurent.com\/en\/team\/tasha-morizio\/\" class=\"details left\"><\/a>\n                                    <\/div><div class=\"owl-item-content team\">\n                                    <div class=\"post-title\">\n                                        <h3>Tasha Morizio<\/h3>\n                                    <\/div>\n                                    <div class=\"excerpts\">GENERAL MANAGER<\/div>\n                                <\/div><\/div><div class=\"post cf\"><div class=\"imagelike\"><a href=\"#\" class=\"likeThis\" id=\"like-10156\" data-id=\"10156\">\n\t\t\t\t\t\t<i class=\"icon-heart\"><\/i><span class=\"count\">0<\/span>\n\t\t\t\t\t<\/a><\/div><div class=\"post-gallery fresco team\"><div class=\"infor\"><ul><li class=\"informail\"><a href=\"mailto:conrad@sdbsl.ca\">a<\/a><\/li><\/ul><\/div><img loading=\"lazy\" decoding=\"async\" width=\"260\" height=\"320\" src=\"https:\/\/boulevardsaintlaurent.com\/wp-content\/uploads\/2016\/02\/portrait-equipe-Solene-Broisin-2-260x320.jpg\" class=\"attachment-my_team size-my_team wp-post-image\" alt=\"\" \/>\n                                        <a href=\"https:\/\/boulevardsaintlaurent.com\/en\/team\/conrad-skierka\/\" class=\"details left\"><\/a>\n                                    <\/div><div class=\"owl-item-content team\">\n                                    <div class=\"post-title\">\n                                        <h3>CONRAD SKIERKA<\/h3>\n                                    <\/div>\n                                    <div class=\"excerpts\">DIRECTOR OF OPERATIONS<\/div>\n                                <\/div><\/div><div class=\"post cf\"><div class=\"imagelike\"><a href=\"#\" class=\"likeThis\" id=\"like-10154\" data-id=\"10154\">\n\t\t\t\t\t\t<i class=\"icon-heart\"><\/i><span class=\"count\">0<\/span>\n\t\t\t\t\t<\/a><\/div><div class=\"post-gallery fresco team\"><img loading=\"lazy\" decoding=\"async\" width=\"260\" height=\"320\" src=\"https:\/\/boulevardsaintlaurent.com\/wp-content\/uploads\/2016\/09\/portrait-equipe-Solene-Broisin-1-260x320.jpg\" class=\"attachment-my_team size-my_team wp-post-image\" alt=\"\" \/>\n                                        <a href=\"https:\/\/boulevardsaintlaurent.com\/en\/team\/marcel-david\/\" class=\"details left\"><\/a>\n                                    <\/div><div class=\"owl-item-content team\">\n                                    <div class=\"post-title\">\n                                        <h3>Marcel David<\/h3>\n                                    <\/div>\n                                    <div class=\"excerpts\">MAIN-TENANCE TEAM LEADER<\/div>\n                                <\/div><\/div><\/div><\/div><div class=\"carousel-controls\"><\/div>\n<h4 class=\"h4\">OUR BOARD OF DIRECTORS<\/h4>\n<div class=\"carousel-container\"><div class=\"carousel owl row\" data-columns=\"4\"><div class=\"post cf\"><div class=\"imagelike\"><a href=\"#\" class=\"likeThis\" id=\"like-8142\" data-id=\"8142\">\n\t\t\t\t\t\t<i class=\"icon-heart\"><\/i><span class=\"count\">0<\/span>\n\t\t\t\t\t<\/a><\/div><div class=\"post-gallery fresco team\"><div class=\"infor\"><ul><li class=\"informail\"><a href=\"mailto:emily@station16.ca \">a<\/a><\/li><\/ul><\/div><img loading=\"lazy\" decoding=\"async\" width=\"260\" height=\"320\" src=\"https:\/\/boulevardsaintlaurent.com\/wp-content\/uploads\/2015\/03\/Equipe-Emily_Robertson-260x320.png\" class=\"attachment-my_team size-my_team wp-post-image\" alt=\"\" \/>\n                                        <a href=\"https:\/\/boulevardsaintlaurent.com\/en\/team\/emily-robertson\/\" class=\"details left\"><\/a>\n                                    <\/div><div class=\"owl-item-content team\">\n                                    <div class=\"post-title\">\n                                        <h3>EMILY ROBERTSON<\/h3>\n                                    <\/div>\n                                    <div class=\"excerpts\">PRESIDENT - ROBERTSON AR\u00c8S GALLERY<\/div>\n                                <\/div><\/div><div class=\"post cf\"><div class=\"imagelike\"><a href=\"#\" class=\"likeThis\" id=\"like-8143\" data-id=\"8143\">\n\t\t\t\t\t\t<i class=\"icon-heart\"><\/i><span class=\"count\">0<\/span>\n\t\t\t\t\t<\/a><\/div><div class=\"post-gallery fresco team\"><div class=\"infor\"><ul><li class=\"informail\"><a href=\"mailto:zach@saintwoods.com \">a<\/a><\/li><\/ul><\/div><img loading=\"lazy\" decoding=\"async\" width=\"260\" height=\"320\" src=\"https:\/\/boulevardsaintlaurent.com\/wp-content\/uploads\/2014\/05\/Zach2-260x320.jpg\" class=\"attachment-my_team size-my_team wp-post-image\" alt=\"\" \/>\n                                        <a href=\"https:\/\/boulevardsaintlaurent.com\/en\/team\/zach-macklovitch\/\" class=\"details left\"><\/a>\n                                    <\/div><div class=\"owl-item-content team\">\n                                    <div class=\"post-title\">\n                                        <h3>ZACH MACKLOVITCH<\/h3>\n                                    <\/div>\n                                    <div class=\"excerpts\">VICE-PRESIDENT - SAINTWOODS<\/div>\n                                <\/div><\/div><div class=\"post cf\"><div class=\"imagelike\"><a href=\"#\" class=\"likeThis\" id=\"like-8147\" data-id=\"8147\">\n\t\t\t\t\t\t<i class=\"icon-heart\"><\/i><span class=\"count\">0<\/span>\n\t\t\t\t\t<\/a><\/div><div class=\"post-gallery fresco team\"><div class=\"infor\"><ul><li class=\"informail\"><a href=\"mailto:marcos@bardarling.com \">a<\/a><\/li><\/ul><\/div><img loading=\"lazy\" decoding=\"async\" width=\"260\" height=\"320\" src=\"https:\/\/boulevardsaintlaurent.com\/wp-content\/uploads\/2018\/04\/Marcos_Almaguer\u00a9Solene-Broisin-260x320.jpg\" class=\"attachment-my_team size-my_team wp-post-image\" alt=\"\" \/>\n                                        <a href=\"https:\/\/boulevardsaintlaurent.com\/en\/team\/marcos-almaguer\/\" class=\"details left\"><\/a>\n                                    <\/div><div class=\"owl-item-content team\">\n                                    <div class=\"post-title\">\n                                        <h3>MARCOS ALMAGUER<\/h3>\n                                    <\/div>\n                                    <div class=\"excerpts\">TREASURER - DARLING<\/div>\n                                <\/div><\/div><div class=\"post cf\"><div class=\"imagelike\"><a href=\"#\" class=\"likeThis\" id=\"like-8148\" data-id=\"8148\">\n\t\t\t\t\t\t<i class=\"icon-heart\"><\/i><span class=\"count\">0<\/span>\n\t\t\t\t\t<\/a><\/div><div class=\"post-gallery fresco team\"><div class=\"infor\"><ul><li class=\"informail\"><a href=\"mailto:info@amlex.ca\">a<\/a><\/li><\/ul><\/div><img loading=\"lazy\" decoding=\"async\" width=\"260\" height=\"320\" src=\"https:\/\/boulevardsaintlaurent.com\/wp-content\/uploads\/2018\/04\/Marie_Madelin\u00a9Solene-Broisin-260x320.jpg\" class=\"attachment-my_team size-my_team wp-post-image\" alt=\"\" \/>\n                                        <a href=\"https:\/\/boulevardsaintlaurent.com\/en\/team\/marie-madelin-2\/\" class=\"details left\"><\/a>\n                                    <\/div><div class=\"owl-item-content team\">\n                                    <div class=\"post-title\">\n                                        <h3>Marie Madelin<\/h3>\n                                    <\/div>\n                                    <div class=\"excerpts\">SECRETARY - ALLEN MADELIN AVOCAT<\/div>\n                                <\/div><\/div><div class=\"post cf\"><div class=\"imagelike\"><a href=\"#\" class=\"likeThis\" id=\"like-9022\" data-id=\"9022\">\n\t\t\t\t\t\t<i class=\"icon-heart\"><\/i><span class=\"count\">0<\/span>\n\t\t\t\t\t<\/a><\/div><div class=\"post-gallery fresco team\"><div class=\"infor\"><ul><li class=\"informail\"><a href=\"mailto:rachel@rcbcapital.com \">a<\/a><\/li><\/ul><\/div><img loading=\"lazy\" decoding=\"async\" width=\"260\" height=\"320\" src=\"https:\/\/boulevardsaintlaurent.com\/wp-content\/uploads\/2019\/08\/Rachel_Schwartz\u00a9Solene-Broisin-260x320.jpg\" class=\"attachment-my_team size-my_team wp-post-image\" alt=\"\" \/>\n                                        <a href=\"https:\/\/boulevardsaintlaurent.com\/en\/team\/rachel-schwartz\/\" class=\"details left\"><\/a>\n                                    <\/div><div class=\"owl-item-content team\">\n                                    <div class=\"post-title\">\n                                        <h3>RACHEL SCHWARTZ<\/h3>\n                                    <\/div>\n                                    <div class=\"excerpts\">ADMINISTRATOR<\/div>\n                                <\/div><\/div><div class=\"post cf\"><div class=\"imagelike\"><a href=\"#\" class=\"likeThis\" id=\"like-9024\" data-id=\"9024\">\n\t\t\t\t\t\t<i class=\"icon-heart\"><\/i><span class=\"count\">0<\/span>\n\t\t\t\t\t<\/a><\/div><div class=\"post-gallery fresco team\"><img loading=\"lazy\" decoding=\"async\" width=\"260\" height=\"320\" src=\"https:\/\/boulevardsaintlaurent.com\/wp-content\/uploads\/2019\/08\/Marie_Plourde\u00a9Solene-Broisin-260x320.jpg\" class=\"attachment-my_team size-my_team wp-post-image\" alt=\"\" \/>\n                                        <a href=\"https:\/\/boulevardsaintlaurent.com\/en\/team\/marie-plourde\/\" class=\"details left\"><\/a>\n                                    <\/div><div class=\"owl-item-content team\">\n                                    <div class=\"post-title\">\n                                        <h3>MARIE PLOURDE<\/h3>\n                                    <\/div>\n                                    <div class=\"excerpts\">ADMINISTRATOR - ELECTED OFFICIAL OF PLATEAU-MONT-ROYAL BOROUGH<\/div>\n                                <\/div><\/div><div class=\"post cf\"><div class=\"imagelike\"><a href=\"#\" class=\"likeThis\" id=\"like-11081\" data-id=\"11081\">\n\t\t\t\t\t\t<i class=\"icon-heart\"><\/i><span class=\"count\">0<\/span>\n\t\t\t\t\t<\/a><\/div><div class=\"post-gallery fresco team\"><img loading=\"lazy\" decoding=\"async\" width=\"260\" height=\"320\" src=\"https:\/\/boulevardsaintlaurent.com\/wp-content\/uploads\/2022\/10\/Guillaume_Thibault\u00a9Solene-Broisin-260x320.jpg\" class=\"attachment-my_team size-my_team wp-post-image\" alt=\"\" \/>\n                                        <a href=\"https:\/\/boulevardsaintlaurent.com\/en\/team\/guillaume-thibault\/\" class=\"details left\"><\/a>\n                                    <\/div><div class=\"owl-item-content team\">\n                                    <div class=\"post-title\">\n                                        <h3>Guillaume Thibault<\/h3>\n                                    <\/div>\n                                    <div class=\"excerpts\">ADMINISTRATOR - DIME MTL<\/div>\n                                <\/div><\/div><div class=\"post cf\"><div class=\"imagelike\"><a href=\"#\" class=\"likeThis\" id=\"like-11754\" data-id=\"11754\">\n\t\t\t\t\t\t<i class=\"icon-heart\"><\/i><span class=\"count\">0<\/span>\n\t\t\t\t\t<\/a><\/div><div class=\"post-gallery fresco team\"><div class=\"infor\"><ul><li class=\"informail\"><a href=\"mailto:Louise.Hugot@edelman.com\">a<\/a><\/li><li class=\"inforlinkedin\"><a href=\"https:\/\/www.linkedin.com\/in\/louise-hugot-574678a5\/\" target=\"_blank\">a<\/a><\/li><\/ul><\/div><img loading=\"lazy\" decoding=\"async\" width=\"260\" height=\"320\" src=\"https:\/\/boulevardsaintlaurent.com\/wp-content\/uploads\/2024\/02\/Louise-Hugot_Photo-1-260x320.jpg\" class=\"attachment-my_team size-my_team wp-post-image\" alt=\"\" \/>\n                                        <a href=\"https:\/\/boulevardsaintlaurent.com\/en\/team\/louise-hugot-team\/\" class=\"details left\"><\/a>\n                                    <\/div><div class=\"owl-item-content team\">\n                                    <div class=\"post-title\">\n                                        <h3>Louise Hugot<\/h3>\n                                    <\/div>\n                                    <div class=\"excerpts\">ADMINISTRATOR - EDELMAN<\/div>\n                                <\/div><\/div><\/div><\/div><div class=\"carousel-controls\"><\/div>\n<h4 class=\"h4 kc55\">about the Saint laurent boulevard<\/h4>\n<p><span style=\"font-family: arial, helvetica, sans-serif; font-size: small;\"> Founded in the year 2000, the Soci\u00e9t\u00e9 de d\u00e9veloppement du boulevard Saint-Laurent (SDBSL), which was initially the Village international du boulevard Saint-Laurent, makes it their mission to oversee the economic, social and cultural development of the artery between Sherbrooke Street and\u00a0Laurier Avenue. As of January 1st, 2018, the association extended its territory from Mont-Royal Avenue to Laurier Avenue. Funded by the 700 businesses located in their area, the SDBSL works in harmony with the community and the local authorities so as to ensure the proper development of the Main. <\/span><\/p>\n<div class=\"row\"><div class=\"six columns\"><div class=\"imgbox iconbox right\"><img decoding=\"async\" src=\"\/wp-content\/uploads\/2014\/03\/APropos6.png\"\/><div class=\"content\"><strong>Art &amp; Culture<\/strong><div>If you&#8217;re looking for a cultural destination with numerous theaters, original art galleries, artists and one of a kind festivals, the Saint-Laurent Boulevard is definitely a favorite.<\/div><\/div><\/div><\/div><div class=\"six columns\"><div class=\"imgbox iconbox left\"><img decoding=\"async\" src=\"\/wp-content\/uploads\/2014\/03\/APropos5.png\"\/><div class=\"content\"><strong>Beauty &amp; Health<\/strong><div>Whether it may be for the care of your appearance or of your nicks and scratches, the Saint-Laurent Boulevard offers you a wide variety of services for your physical and psychological well-being.<\/div><\/div><\/div><\/div><\/div>\n<div class=\"row\"><div class=\"six columns\"><div class=\"imgbox iconbox right\"><img decoding=\"async\" src=\"\/wp-content\/uploads\/2014\/03\/APropos7.png\"\/><div class=\"content\"><strong>Eat &amp; Drink<\/strong><div>It&#8217;s simple, there&#8217;s a little something to suit all tastes! The Boulevard is rich in cultural heritage, its restaurants are as diverse as they are trendy. Cozy coffee-houses are the perfect spot for workers on-the-go in need of a quick break or for artists searching for inspiration.<\/div><\/div><\/div><\/div><div class=\"six columns\"><div class=\"imgbox iconbox left\"><img decoding=\"async\" src=\"\/wp-content\/uploads\/2014\/03\/APropos8.png\"\/><div class=\"content\"><strong>Fashion &amp; Shopping<\/strong><div>You can find clothes, accessories and other convenience goods in unusual and renowned shops on the Saint-Laurent Boulevard.<\/div><\/div><\/div><\/div><\/div>\n<div class=\"row\"><div class=\"six columns\"><div class=\"imgbox iconbox right\"><img decoding=\"async\" src=\"\/wp-content\/uploads\/2014\/03\/APropos10.png\"\/><div class=\"content\"><strong>Administration &amp; Services<\/strong><div>You can find all imaginable services on the Saint-Laurent Boulevard. If you&#8217;re planning a trip, looking for an organization in a specific field or searching for specialized services for your company, you will find a business that can satisfy your needs in our area.<\/div><\/div><\/div><\/div><div class=\"six columns\"><div class=\"imgbox iconbox left\"><img decoding=\"async\" src=\"\/wp-content\/uploads\/2014\/03\/APropos9.png\"\/><div class=\"content\"><strong>Professionals &amp; Creatives<\/strong><div>Just like both hemispheres of the human brain, the Saint-Laurent Boulevard works to ensure that all needs for professional services are covered and that creativity remains boundless.<\/div><\/div><\/div><\/div><\/div>\n<h4>the history of the boulevard<\/h4>\n<div class=\"row\"><div class=\"four columns\"><div class=\"apropos-post a-post parcours-block\" style=\"margin-top:5px;\">\n                    <div class='flex no-nav nav-black'><ul class='slides'><\/ul><\/div>\n                    <div class=\"content owl-item-content\">\n                        <a href=\"https:\/\/boulevardsaintlaurent.com\/en\/parcours\/parcours-historique-3\/\"><h4>HISTORICAL ITINERARY<\/h4><\/a>\n                        <small>May 15, 2014 - posted by maud<\/small>\n                        <p class=\"margin-top\">The Main represents Montreal's history the same way growth rings determine the age of a tree. Of course, you probably already know that. After all, it isn't called the Main for nothing. Here are five spots located on the Saint-Laurent Boulevard that will hopefully let you discover something new about the city of Montreal and [...]<\/p>\n                    <\/div>\n                    <div class=\"apropos-post-foot\">\n                        <ul>\n                            <li><img decoding=\"async\" src=\"\" alt=\"Eat &amp; Drink\" title=\"Eat &amp; Drink\"\/><\/li><li><img decoding=\"async\" src=\"\/wp-content\/uploads\/2014\/05\/SDBSL-Rep-BeauteBienEtre.png\" alt=\"Beauty &amp; Health\" title=\"Beauty &amp; Health\"\/><\/li><li><img decoding=\"async\" src=\"\/wp-content\/uploads\/2014\/05\/SDBSL-Rep-ImmobilierService.png\" alt=\"Administration &amp; Services\" title=\"Administration &amp; Services\"\/><\/li>\n                        <\/ul>\n                        <div class=\"cmn-count\"><fb:comments-count href=\"https:\/\/boulevardsaintlaurent.com\/en\/parcours\/parcours-historique-3\/\"><\/fb:comments-count><\/div>\n                        <a class=\"twitter-share-button\" href=\"https:\/\/boulevardsaintlaurent.com\/en\/parcours\/parcours-historique-3\/\" data-via=\"twitterapi\" data-lang=\"en\">Tweet<\/a><div class=\"fb-like\" data-href=\"https:\/\/boulevardsaintlaurent.com\/en\/parcours\/parcours-historique-3\/\" data-layout=\"button_count\" data-action=\"like\" data-show-faces=\"false\" data-share=\"false\">\u00a0<\/div>\n                    <\/div>\n                <\/div><\/div><div class=\"eight columns\"><strong>The History of the Boulevard<\/strong><\/p>\n<p class=\"font-regular\">Known as a significant historical site by the Government of Canada, the Saint-Laurent Boulevard is the most important transverse axis on the Montreal Island as well as being the oldest artery of the city to have been developed towards the north. In 1672, the street was then known as Saint-Lambert within the fortifications of the city. Beyond the walls, the street led to the country and to the Parish of Saint-Laurent founded in 1720.<\/p>\n<p class=\"font-regular\">It was in 1792 that Montreal drew two halves: the East and the West separated by Saint-Laurent Street. Throughout the 19th century, the English-speaking middle-class started to settle in the northwest of the city, the French-speaking middle-class in the north, the workers in the east and southwest while all the new immigrants settled along the Saint-Laurent Boulevard axis. Montreal has seen many different waves of immigration, which in turn resulted in the formation of ethnic boroughs along the Boulevard, such as Chinatown and Little Italy.<\/p>\n<p class=\"font-regular\">In 1905, the Montreal&#8217;s City Council officially changed the name to &#8220;Saint-Laurent Boulevard&#8221;. It was also at that time that the border between Montreal East and Montreal West was officialized. This implementation is what led to the civic numbers we have today.<\/p>\n<p class=\"font-regular\">The Saint-Laurent Boulevard still represents, till this day, the division between the francophone community and the anglophone and allophone communities, although this separation is today but a symbolic one. We can now find people from all language communities on both sides of the Boulevard.<\/p>\n<p class=\"font-regular\">In its rich history, the Saint-Laurent Boulevard has seen a large number of establishments set up shop in this area before they became cultural institutions to the city, such as restaurants like Schwartz\u2019s and Moishes.<\/p>\n<p class=\"font-regular\">Today, the Saint-Laurent Boulevard is considered especially cutting edge and trendy on the cultural scene.<\/p>\n<p><strong>LES AMIS DU BOULEVARD<\/strong><\/p>\n<p class=\"font-regular\">Le 7 avril 2010, la Soci\u00e9t\u00e9 de d\u00e9veloppement du boulevard Saint-Laurent et Les Amis du boulevard Saint-Laurent inauguraient leur projet \u00ab La Main, toujours de son temps \u00bb. 19 panneaux ont \u00e9t\u00e9 confectionn\u00e9s pour mettre en valeur l\u2019histoire multidimensionnelle de la Main. Cette s\u00e9rie de panneaux, est install\u00e9e \u00e0 l\u2019int\u00e9rieur des commerces, et permet de d\u00e9couvrir la diversit\u00e9 de gens, d\u2019usages, d\u2019\u00e9difices associ\u00e9s \u00e0 plusieurs lieux d\u2019int\u00e9r\u00eat patrimonial sur le boulevard Saint-Laurent.<\/p>\n<p><a class=\"btn black small\" href=\"http:\/\/amisboulevardstlaurent.com\/\" target=\"_blank\" rel=\"noopener noreferrer\">Visiter les amis du boulevard<\/a><\/p>\n<\/div><\/div>\n<\/div>","protected":false},"excerpt":{"rendered":"<p>Our Team OUR BOARD OF DIRECTORS about the Saint laurent boulevard Founded in the year 2000, the Soci\u00e9t\u00e9 de d\u00e9veloppement du boulevard Saint-Laurent (SDBSL), which was initially the Village international du boulevard Saint-Laurent, makes it their mission to oversee the economic, social and cultural development of the artery between Sherbrooke Street and\u00a0Laurier Avenue. As of [&hellip;]<\/p>\n","protected":false},"author":1,"featured_media":0,"parent":0,"menu_order":0,"comment_status":"open","ping_status":"closed","template":"","meta":{"_acf_changed":false,"_monsterinsights_skip_tracking":false,"_monsterinsights_sitenote_active":false,"_monsterinsights_sitenote_note":"","_monsterinsights_sitenote_category":0,"footnotes":""},"acf":[],"_links":{"self":[{"href":"https:\/\/boulevardsaintlaurent.com\/en\/wp-json\/wp\/v2\/pages\/579"}],"collection":[{"href":"https:\/\/boulevardsaintlaurent.com\/en\/wp-json\/wp\/v2\/pages"}],"about":[{"href":"https:\/\/boulevardsaintlaurent.com\/en\/wp-json\/wp\/v2\/types\/page"}],"author":[{"embeddable":true,"href":"https:\/\/boulevardsaintlaurent.com\/en\/wp-json\/wp\/v2\/users\/1"}],"replies":[{"embeddable":true,"href":"https:\/\/boulevardsaintlaurent.com\/en\/wp-json\/wp\/v2\/comments?post=579"}],"version-history":[{"count":110,"href":"https:\/\/boulevardsaintlaurent.com\/en\/wp-json\/wp\/v2\/pages\/579\/revisions"}],"predecessor-version":[{"id":10159,"href":"https:\/\/boulevardsaintlaurent.com\/en\/wp-json\/wp\/v2\/pages\/579\/revisions\/10159"}],"wp:attachment":[{"href":"https:\/\/boulevardsaintlaurent.com\/en\/wp-json\/wp\/v2\/media?parent=579"}],"curies":[{"name":"wp","href":"https:\/\/api.w.org\/{rel}","templated":true}]}}